{"id":19,"date":"2025-08-22T07:41:52","date_gmt":"2025-08-22T11:41:52","guid":{"rendered":"http:\/\/demo.woothemes.com\/woocommerce\/?post_type=product&#038;p=19"},"modified":"2026-03-06T08:54:52","modified_gmt":"2026-03-06T13:54:52","slug":"65a-lotion-demaquillante-yeux","status":"publish","type":"product","link":"https:\/\/livbeautespa.com\/boutique\/product\/65a-lotion-demaquillante-yeux\/","title":{"rendered":"65A Lotion D\u00e9maquillante Yeux"},"content":{"rendered":"<p data-start=\"381\" data-end=\"404\"><strong data-start=\"381\" data-end=\"402\">Actifs principaux<\/strong><\/p>\n<p data-start=\"407\" data-end=\"458\"><strong data-start=\"407\" data-end=\"421\">Allanto\u00efne<\/strong> : apaise et calme les peaux s\u00e8ches<\/p>\n<p data-start=\"461\" data-end=\"525\"><strong data-start=\"461\" data-end=\"488\">Panth\u00e9nol (vitamine B5)<\/strong> : hydrate et adoucit la peau s\u00e8che<\/p>\n<p data-start=\"528\" data-end=\"586\"><strong data-start=\"528\" data-end=\"551\">Extrait d\u2019hamam\u00e9lis<\/strong> : aide \u00e0 apaiser et r\u00e9\u00e9quilibrer<\/p>\n<p data-start=\"589\" data-end=\"645\"><strong data-start=\"589\" data-end=\"608\">Huile de jojoba<\/strong> : nourrit et laisse la peau souple<\/p>\n<p data-start=\"647\" data-end=\"1011\"><strong data-start=\"647\" data-end=\"673\">Conseils d\u2019utilisation<\/strong><br data-start=\"673\" data-end=\"676\" \/>Bien agiter avant emploi pour m\u00e9langer les deux phases. Imbiber un coton, appliquer d\u00e9licatement sur les yeux ferm\u00e9s et faire glisser vers l\u2019ext\u00e9rieur sans frotter. Plac\u00e9e au r\u00e9frig\u00e9rateur avant usage, la <strong data-start=\"881\" data-end=\"914\">65A Lotion D\u00e9maquillante Yeux<\/strong> procure une sensation tonifiante et rafra\u00eechissante aux yeux fatigu\u00e9s pendant le d\u00e9maquillage.<\/p>\n","protected":false},"excerpt":{"rendered":"<p><strong data-start=\"73\" data-end=\"159\">D\u00e9maquille instantan\u00e9ment les yeux, m\u00eame le maquillage longue tenue et waterproof.<\/strong><br data-start=\"159\" data-end=\"162\" \/>Cette lotion biphas\u00e9e \u00e9limine efficacement, tout en douceur, tous les types de maquillage. Enrichie en extraits d\u2019hamam\u00e9lis, elle apaise et r\u00e9\u00e9quilibre la peau, laissant le contour de l\u2019\u0153il net, doux et confortable.<\/p>\n","protected":false},"featured_media":12394,"comment_status":"open","ping_status":"closed","template":"","meta":[],"product_brand":[95],"product_cat":[60],"product_tag":[81,82],"class_list":{"0":"post-19","1":"product","2":"type-product","3":"status-publish","4":"has-post-thumbnail","6":"product_brand-maria-galland","7":"product_cat-demaquillants","8":"product_tag-lotion","9":"product_tag-yeux","11":"first","12":"outofstock","13":"taxable","14":"shipping-taxable","15":"purchasable","16":"product-type-simple"},"_links":{"self":[{"href":"https:\/\/livbeautespa.com\/boutique\/wp-json\/wp\/v2\/product\/19","targetHints":{"allow":["GET"]}}],"collection":[{"href":"https:\/\/livbeautespa.com\/boutique\/wp-json\/wp\/v2\/product"}],"about":[{"href":"https:\/\/livbeautespa.com\/boutique\/wp-json\/wp\/v2\/types\/product"}],"replies":[{"embeddable":true,"href":"https:\/\/livbeautespa.com\/boutique\/wp-json\/wp\/v2\/comments?post=19"}],"wp:featuredmedia":[{"embeddable":true,"href":"https:\/\/livbeautespa.com\/boutique\/wp-json\/wp\/v2\/media\/12394"}],"wp:attachment":[{"href":"https:\/\/livbeautespa.com\/boutique\/wp-json\/wp\/v2\/media?parent=19"}],"wp:term":[{"taxonomy":"product_brand","embeddable":true,"href":"https:\/\/livbeautespa.com\/boutique\/wp-json\/wp\/v2\/product_brand?post=19"},{"taxonomy":"product_cat","embeddable":true,"href":"https:\/\/livbeautespa.com\/boutique\/wp-json\/wp\/v2\/product_cat?post=19"},{"taxonomy":"product_tag","embeddable":true,"href":"https:\/\/livbeautespa.com\/boutique\/wp-json\/wp\/v2\/product_tag?post=19"}],"curies":[{"name":"wp","href":"https:\/\/api.w.org\/{rel}","templated":true}]}}