{"id":15,"date":"2025-08-22T07:35:51","date_gmt":"2025-08-22T11:35:51","guid":{"rendered":"http:\/\/demo.woothemes.com\/woocommerce\/?post_type=product&#038;p=15"},"modified":"2026-03-06T08:57:34","modified_gmt":"2026-03-06T13:57:34","slug":"240-hydraglobal-serum-2","status":"publish","type":"product","link":"https:\/\/livbeautespa.com\/boutique\/product\/240-hydraglobal-serum-2\/","title":{"rendered":"240 HYDRA&rsquo;GLOBAL S\u00e9rum"},"content":{"rendered":"<p data-start=\"455\" data-end=\"478\"><strong data-start=\"455\" data-end=\"476\">Actifs principaux<\/strong><\/p>\n<p data-start=\"481\" data-end=\"673\"><strong data-start=\"481\" data-end=\"500\">Complexe HYDRA\u00b2<\/strong> (booster d\u2019acide hyaluronique + acide hyaluronique) : stimule la production naturelle d\u2019acide hyaluronique et d\u2019\u00e9lastine, hydrate intens\u00e9ment, raffermit et lisse la peau.<\/p>\n<p data-start=\"676\" data-end=\"806\"><strong data-start=\"676\" data-end=\"700\">Complexe WATER-BOOST<\/strong> : procure une hydratation imm\u00e9diate, la diffuse durablement et r\u00e9duit la perte en eau trans\u00e9pidermique.<\/p>\n<p data-start=\"809\" data-end=\"935\"><strong data-start=\"809\" data-end=\"835\">Energy Booster Complex<\/strong> : r\u00e9active le m\u00e9tabolisme cutan\u00e9, augmente l\u2019\u00e9nergie cellulaire et att\u00e9nue les signes de fatigue.<\/p>\n<p data-start=\"938\" data-end=\"1126\"><strong data-start=\"938\" data-end=\"962\">Skin-Protect Complex<\/strong> (eau de mer souterraine de Noirmoutier + extrait de macro-algues) : revitalise, renforce les d\u00e9fenses naturelles et offre une protection anti-oxydante puissante.<\/p>\n<p data-start=\"1128\" data-end=\"1306\"><strong data-start=\"1128\" data-end=\"1154\">Conseils d\u2019utilisation<\/strong><br data-start=\"1154\" data-end=\"1157\" \/>Appliquer matin et\/ou soir sur le visage, le cou et le d\u00e9collet\u00e9 avant l\u2019une des cr\u00e8mes <strong data-start=\"1245\" data-end=\"1261\">HYDRA\u2019GLOBAL<\/strong>. Convient \u00e0 toutes les peaux d\u00e9shydrat\u00e9es.<\/p>\n","protected":false},"excerpt":{"rendered":"<p>Le <strong data-start=\"122\" data-end=\"148\">S\u00e9rum 240 HYDRA\u2019GLOBAL<\/strong>, \u00e0 la texture fluide et l\u00e9g\u00e8re effet \u00ab seconde peau \u00bb, recharge imm\u00e9diatement les cellules en eau et la diffuse progressivement au c\u0153ur de l\u2019\u00e9piderme. La peau est hydrat\u00e9e en continu pendant 24 heures, revitalis\u00e9e et dynamis\u00e9e. Repulp\u00e9e, apais\u00e9e et assouplie, elle retrouve fra\u00eecheur, confort et \u00e9clat.<\/p>\n","protected":false},"featured_media":12398,"comment_status":"open","ping_status":"closed","template":"","meta":[],"product_brand":[95],"product_cat":[63],"product_tag":[],"class_list":{"0":"post-15","1":"product","2":"type-product","3":"status-publish","4":"has-post-thumbnail","6":"product_brand-maria-galland","7":"product_cat-serum","9":"first","10":"instock","11":"taxable","12":"shipping-taxable","13":"purchasable","14":"product-type-simple"},"_links":{"self":[{"href":"https:\/\/livbeautespa.com\/boutique\/wp-json\/wp\/v2\/product\/15","targetHints":{"allow":["GET"]}}],"collection":[{"href":"https:\/\/livbeautespa.com\/boutique\/wp-json\/wp\/v2\/product"}],"about":[{"href":"https:\/\/livbeautespa.com\/boutique\/wp-json\/wp\/v2\/types\/product"}],"replies":[{"embeddable":true,"href":"https:\/\/livbeautespa.com\/boutique\/wp-json\/wp\/v2\/comments?post=15"}],"wp:featuredmedia":[{"embeddable":true,"href":"https:\/\/livbeautespa.com\/boutique\/wp-json\/wp\/v2\/media\/12398"}],"wp:attachment":[{"href":"https:\/\/livbeautespa.com\/boutique\/wp-json\/wp\/v2\/media?parent=15"}],"wp:term":[{"taxonomy":"product_brand","embeddable":true,"href":"https:\/\/livbeautespa.com\/boutique\/wp-json\/wp\/v2\/product_brand?post=15"},{"taxonomy":"product_cat","embeddable":true,"href":"https:\/\/livbeautespa.com\/boutique\/wp-json\/wp\/v2\/product_cat?post=15"},{"taxonomy":"product_tag","embeddable":true,"href":"https:\/\/livbeautespa.com\/boutique\/wp-json\/wp\/v2\/product_tag?post=15"}],"curies":[{"name":"wp","href":"https:\/\/api.w.org\/{rel}","templated":true}]}}