{"id":12482,"date":"2026-02-13T09:53:50","date_gmt":"2026-02-13T14:53:50","guid":{"rendered":"https:\/\/livbeautespa.com\/boutique\/?post_type=product&#038;p=12482"},"modified":"2026-03-06T08:36:49","modified_gmt":"2026-03-06T13:36:49","slug":"nyxe-masque-anti-age-regenerateur","status":"publish","type":"product","link":"https:\/\/livbeautespa.com\/boutique\/product\/nyxe-masque-anti-age-regenerateur\/","title":{"rendered":"nyxe | masque anti-\u00e2ge r\u00e9g\u00e9n\u00e9rateur"},"content":{"rendered":"<p>Pour un teint \u00e9clatant !<\/p>\n<p>D\u00e9couvrez notre masque anti-\u00e2ge r\u00e9g\u00e9n\u00e9rateur Nyxe, une formule luxueuse \u00e0 base d&rsquo;huile d&rsquo;argan et de ghassoul, sp\u00e9cialement con\u00e7ue pour nourrir, hydrater et revitaliser votre peau. Ce masque offre une action anti-\u00e2ge efficace en r\u00e9duisant l&rsquo;apparence des rides et des ridules tout en favorisant la r\u00e9g\u00e9n\u00e9ration cellulaire. Profitez d&rsquo;un moment de d\u00e9tente et de soin pour une peau \u00e9clatante et visiblement plus jeune.<\/p>\n<p>D\u00e8s la premi\u00e8re application, vous serez enchant\u00e9 par son effet rafra\u00eechissant imm\u00e9diat. Votre peau est lift\u00e9e, nourrie et raffermie. Gr\u00e2ce \u00e0 sa formule \u00e0 base d&rsquo;eau florale d&rsquo;oranger, d&rsquo;huile d&rsquo;argan et de ghassoul (une argile volcanique aux multiples vertues r\u00e9colt\u00e9e dans le Moyen Atlas marocain), Nyxe hydrate en profondeur, apaise les rougeurs et r\u00e9duit l&rsquo;apparence des rides et ridules. Ce soin anti-\u00e2ge r\u00e9g\u00e9n\u00e9rant et ultra-efficace s\u00e9duira les professionnels de la peau les plus exigeants, et m\u00eame vos amis le remarqueront.<\/p>\n","protected":false},"excerpt":{"rendered":"<p><span class=\"summary__title\"><span class=\"accordion__title\">Bienfaits<\/span><\/span><\/p>\n<div class=\"accordion__content custom__liquid-template--26765491241254__main rte\">\n<p><span class=\"metafield-multi_line_text_field\">R\u00e9duit l\u2019apparence des rides et des ridules<br \/>\nAm\u00e9liore la fermet\u00e9 et l\u2019\u00e9lasticit\u00e9 de la peau<br \/>\nHydrate en profondeur avec sa formule riche et nourissante<\/span><\/p>\n<\/div>\n<p><span class=\"summary__title\"><span class=\"accordion__title\">Comment utiliser<\/span><\/span><\/p>\n<div class=\"accordion__content custom__liquid-template--26765491241254__main rte\">\n<p>Appliquez g\u00e9n\u00e9reusement sur une peau propre une \u00e0 deux fois par semaine en massant avec les doigts ou un pinceau. Laissez reposer 10 \u00e0 20 minutes. Rincer \u00e0 l&rsquo;eau.<\/p>\n<p><span class=\"summary__title\"><span class=\"accordion__title\">Ingr\u00e9dients<\/span><\/span><\/p>\n<div class=\"accordion__content custom__liquid-template--26765491241254__main rte\">\n<p><span class=\"metafield-multi_line_text_field\">Aqua, Maroccan Lava Clay, Argania Spinosa Kernel Oil*, Glycerin, Cetearyl Olivate \/ Sorbitan Olivate, Theobroma Cacao (Cocoa) Seed Butter*, Triheptanoin, Butyrospermum Parkii*, (Karit\u00e9) Butter, Cetyl Palmitate &#8211; Sorbitan palmitate, Rhizobian Gum, Sodium Hyaluronate, extrait de feuille d&rsquo;Argania Spinosa*, acide d\u00e9hydroac\u00e9tique, alcool benzylique, huile de Citrus aurantium dulcis (orange), huile d&rsquo;Aniba rosaeodora (bois de rose), huile de Lavandula hybrida, gomme xanthane.<\/p>\n<p>*Ingr\u00e9dient issu de l&rsquo;agriculture biologique<\/span><\/p>\n<p><span class=\"summary__title\"><span class=\"accordion__title\">Caract\u00e9ristiques<\/span><\/span><\/p>\n<div class=\"accordion__content custom__liquid-template--26765491241254__main rte\">\n<p><span class=\"metafield-multi_line_text_field\">Sans cruaut\u00e9 animale, contenants recyclable, V\u00e9gane, Sans OGM, Sans gluten, 100% naturel, fait \u00e0 Montr\u00e9al, ingr\u00e9dients d&rsquo;origines biologiques de commerce \u00e9quitable.<\/span><\/p>\n<\/div>\n<\/div>\n<\/div>\n","protected":false},"featured_media":12483,"comment_status":"open","ping_status":"closed","template":"","meta":[],"product_brand":[96],"product_cat":[69],"product_tag":[],"class_list":{"0":"post-12482","1":"product","2":"type-product","3":"status-publish","4":"has-post-thumbnail","6":"product_brand-zorah","7":"product_cat-masque","9":"first","10":"instock","11":"taxable","12":"shipping-taxable","13":"purchasable","14":"product-type-simple"},"_links":{"self":[{"href":"https:\/\/livbeautespa.com\/boutique\/wp-json\/wp\/v2\/product\/12482","targetHints":{"allow":["GET"]}}],"collection":[{"href":"https:\/\/livbeautespa.com\/boutique\/wp-json\/wp\/v2\/product"}],"about":[{"href":"https:\/\/livbeautespa.com\/boutique\/wp-json\/wp\/v2\/types\/product"}],"replies":[{"embeddable":true,"href":"https:\/\/livbeautespa.com\/boutique\/wp-json\/wp\/v2\/comments?post=12482"}],"wp:featuredmedia":[{"embeddable":true,"href":"https:\/\/livbeautespa.com\/boutique\/wp-json\/wp\/v2\/media\/12483"}],"wp:attachment":[{"href":"https:\/\/livbeautespa.com\/boutique\/wp-json\/wp\/v2\/media?parent=12482"}],"wp:term":[{"taxonomy":"product_brand","embeddable":true,"href":"https:\/\/livbeautespa.com\/boutique\/wp-json\/wp\/v2\/product_brand?post=12482"},{"taxonomy":"product_cat","embeddable":true,"href":"https:\/\/livbeautespa.com\/boutique\/wp-json\/wp\/v2\/product_cat?post=12482"},{"taxonomy":"product_tag","embeddable":true,"href":"https:\/\/livbeautespa.com\/boutique\/wp-json\/wp\/v2\/product_tag?post=12482"}],"curies":[{"name":"wp","href":"https:\/\/api.w.org\/{rel}","templated":true}]}}