{"id":12477,"date":"2026-02-13T09:39:35","date_gmt":"2026-02-13T14:39:35","guid":{"rendered":"https:\/\/livbeautespa.com\/boutique\/?post_type=product&#038;p=12477"},"modified":"2026-03-06T08:37:20","modified_gmt":"2026-03-06T13:37:20","slug":"xfoliambre-facial-exfoliator-for-sensitive-skin","status":"publish","type":"product","link":"https:\/\/livbeautespa.com\/boutique\/product\/xfoliambre-facial-exfoliator-for-sensitive-skin\/","title":{"rendered":"xfoliambre | exfoliant visage pour peaux sensibles"},"content":{"rendered":"<p>La peau est lisse, hydrat\u00e9e, soyeuse et son \u00e9clat naturel est restaur\u00e9.<\/p>\n<div class=\"quoteText\">D\u00e9couvrez notre exfoliant visage Xfoliambre sp\u00e9cialement con\u00e7u pour les peaux sensibles. Sa formule douce et d\u00e9licate offre une exfoliation efficace tout en respectant la sensibilit\u00e9 de votre peau. Retrouvez une peau lisse, douce et \u00e9clatante sans irritation ni inconfort.<\/div>\n<div class=\"quoteText\">\n<div class=\"quoteText\"><\/div>\n<div class=\"quoteText\">\n<p>S&rsquo;exfolier avec Xfoliambre, c&rsquo;est comme avoir un moment pour soi, et votre peau vous en remerciera !\u00a0\u00c0\u00a0utiliser sous la douche ou dans le bain 2 \u00e0 3 fois par semaine.<\/p>\n<p>\u00c0 base d&rsquo;huile d&rsquo;argan et d&rsquo;ambre, Xfoliambre exfolie en douceur les peaux les plus sensibles, tandis que ses microcristaux d&rsquo;ambre nettoient les pores en profondeur. La peau de votre visage\u00a0sera plus douce et plus lumineuse.<\/p>\n<p>Con\u00e7u pour toute la famille. Recommand\u00e9 pour une utilisation\u00a02 \u00e0\u00a03 fois par semaine.<\/p>\n<p>&nbsp;<\/p>\n<\/div>\n<p><span lang=\"en-CA\">Cosm\u00e9tique Naturel certifi\u00e9 par Ecocert Greenlife selon le r\u00e9f\u00e9rentiel Ecocert disponible sur\u00a0<a href=\"http:\/\/cosmetiques.ecocert.com\/\" target=\"_blank\" rel=\"noopener\" data-auth=\"NotApplicable\" data-safelink=\"true\" data-linkindex=\"1\">http:\/\/cosmetiques.ecocert.com<\/a><\/span><\/p>\n<\/div>\n","protected":false},"excerpt":{"rendered":"<p><span class=\"summary__title\"><span class=\"accordion__title\">Bienfaits<\/span><\/span><\/p>\n<div class=\"accordion__content custom__liquid-template--26765491241254__main rte\">\n<p><span class=\"metafield-multi_line_text_field\">&#8211; Hydrate, nourrit et favorise le renouvellement cellulaire de la peau<br \/>\n&#8211; \u00c9limine en douceur les impuret\u00e9s, les cellules mortes et les exc\u00e8s de s\u00e9bum<br \/>\n&#8211; Texture cr\u00e9meuse qui glisse facilement sur la peau sans provoquer de rougeurs<\/span><\/p>\n<p><span class=\"summary__title\"><span class=\"accordion__title\">Comment utiliser<\/span><\/span><\/p>\n<div class=\"accordion__content custom__liquid-template--26765491241254__main rte\">\n<p>Massez d\u00e9licatement sur peau humide en mouvements circulaires. Appliquez 2 \u00e0 3 fois par semaine ou au besoin. Pour une dose d&rsquo;hydratation suppl\u00e9mentaire et une peau d&rsquo;apparence plus lisse, nous vous conseillons d&rsquo;accompagner notre gommage de votre masque Zorah pr\u00e9f\u00e9r\u00e9 au moins 4 \u00e0 8 fois par an ou aux changements de saisons.<\/p>\n<p>Aqua\/Water\/Eau, Lauryl Glucoside, Althaea Officinalis Leaf\/Root Extract*, Glycerin, Caprylyl\/Capryl Glucoside, Amber Powder, Carthamus Tinctorius (Safflower) Oleosomes, Sodium Citrate, Hectorite, Argania Spinosa Kernel Oil*, Citrus Aurantium Dulcis (Orange ) Huile, huile de bois d&rsquo;Aniba Rosodora (bois de rose), huile de Lavandula Hybrida, gomme de xanthane, alcool benzylique, acide citrique, acide d\u00e9hydroac\u00e9tique, acide phytique<\/p>\n<p>*Ingr\u00e9dient issu de l&rsquo;agriculture biologique<\/p>\n<p><span class=\"summary__title\"><span class=\"accordion__title\">Caract\u00e9ristiques<\/span><\/span><\/p>\n<div class=\"accordion__content custom__liquid-template--26765491241254__main rte\">\n<p><span class=\"metafield-multi_line_text_field\">Sans cruaut\u00e9 animale, contenants recyclables, V\u00e9gane, Sans OGM, Sans gluten, 100% naturel, fait \u00e0 Montr\u00e9al, ingr\u00e9dients d&rsquo;origines biologiques et de commerce \u00e9quitable.<\/span><\/p>\n<\/div>\n<\/div>\n<\/div>\n","protected":false},"featured_media":12478,"comment_status":"open","ping_status":"closed","template":"","meta":[],"product_brand":[96],"product_cat":[97],"product_tag":[],"class_list":{"0":"post-12477","1":"product","2":"type-product","3":"status-publish","4":"has-post-thumbnail","6":"product_brand-zorah","7":"product_cat-exfoliant","9":"first","10":"instock","11":"taxable","12":"shipping-taxable","13":"purchasable","14":"product-type-simple"},"_links":{"self":[{"href":"https:\/\/livbeautespa.com\/boutique\/wp-json\/wp\/v2\/product\/12477","targetHints":{"allow":["GET"]}}],"collection":[{"href":"https:\/\/livbeautespa.com\/boutique\/wp-json\/wp\/v2\/product"}],"about":[{"href":"https:\/\/livbeautespa.com\/boutique\/wp-json\/wp\/v2\/types\/product"}],"replies":[{"embeddable":true,"href":"https:\/\/livbeautespa.com\/boutique\/wp-json\/wp\/v2\/comments?post=12477"}],"wp:featuredmedia":[{"embeddable":true,"href":"https:\/\/livbeautespa.com\/boutique\/wp-json\/wp\/v2\/media\/12478"}],"wp:attachment":[{"href":"https:\/\/livbeautespa.com\/boutique\/wp-json\/wp\/v2\/media?parent=12477"}],"wp:term":[{"taxonomy":"product_brand","embeddable":true,"href":"https:\/\/livbeautespa.com\/boutique\/wp-json\/wp\/v2\/product_brand?post=12477"},{"taxonomy":"product_cat","embeddable":true,"href":"https:\/\/livbeautespa.com\/boutique\/wp-json\/wp\/v2\/product_cat?post=12477"},{"taxonomy":"product_tag","embeddable":true,"href":"https:\/\/livbeautespa.com\/boutique\/wp-json\/wp\/v2\/product_tag?post=12477"}],"curies":[{"name":"wp","href":"https:\/\/api.w.org\/{rel}","templated":true}]}}