{"id":12439,"date":"2025-08-28T10:00:23","date_gmt":"2025-08-28T14:00:23","guid":{"rendered":"https:\/\/www.livbeautespa.com\/boutique\/?post_type=product&#038;p=12439"},"modified":"2026-03-06T02:15:07","modified_gmt":"2026-03-06T07:15:07","slug":"nita-mousse-nettoyante-apaisante-yeux-et-visage","status":"publish","type":"product","link":"https:\/\/livbeautespa.com\/boutique\/product\/nita-mousse-nettoyante-apaisante-yeux-et-visage\/","title":{"rendered":"nita | mousse nettoyante apaisante yeux et visage"},"content":{"rendered":"<p>D\u00e9couvrez notre mousse nettoyante Nita, sp\u00e9cialement formul\u00e9e pour apaiser et nettoyer en douceur la peau d\u00e9licate du contour des yeux et du visage. Cette mousse l\u00e9g\u00e8re et onctueuse \u00e9limine efficacement les impuret\u00e9s, le maquillage et l&rsquo;exc\u00e8s de s\u00e9bum, tout en respectant l&rsquo;\u00e9quilibre naturel de la peau. Profitez d&rsquo;une sensation de fra\u00eecheur et d&rsquo;apaisement pour une peau propre et confortable avec notre mousse nettoyante Nita.<\/p>\n<p>Gr\u00e2ce \u00e0 sa formule \u00e0 base de m\u00e9lisse et de feuilles de guimauve, Nita convient \u00e0 tous les types de peaux, m\u00eame les plus sensibles. Elle nettoie la peau en profondeur et en douceur en plus d&rsquo;\u00e9liminer efficacement le maquillage, le fond de teint et la salet\u00e9 accumul\u00e9s tout au long de la journ\u00e9e !<\/p>\n","protected":false},"excerpt":{"rendered":"<h5><span class=\"summary__title\"><span class=\"accordion__title\">Bienfaits<\/span><\/span><\/h5>\n<div class=\"accordion__content custom__liquid-template--25612404392230__main rte\">\n<p><span class=\"metafield-multi_line_text_field\">\u2022 Nettoie en profondeur<br \/>\n\u2022 \u00c9limine l&rsquo;exc\u00e8s de s\u00e9bum et les impuret\u00e9es<br \/>\n\u2022 Mousse l\u00e9g\u00e8re<\/span><\/p>\n<h5><span class=\"summary__title\"><span class=\"accordion__title\">Comment utiliser<\/span><\/span><\/h5>\n<div class=\"accordion__content custom__liquid-template--25612404392230__main rte\">\n<p>Appliquer 1 pompe dans la paume de la main et masser d\u00e9licatement l&rsquo;ensemble du visage, des yeux et du cou. Rincer \u00e0 l&rsquo;eau.<\/p>\n<h5><span class=\"summary__title\"><span class=\"accordion__title\">Ingr\u00e9dients<\/span><\/span><\/h5>\n<div class=\"accordion__content custom__liquid-template--25612404392230__main rte\">\n<p><span class=\"metafield-multi_line_text_field\">Aqua\/Water\/Eau, Caprylyl\/Capryl Glucoside, Melissa Officinalis Leaf Extract*, Althaea Officinalis Leaf\/Root Extract*, Glycerin, Polyglyceryl-10 Laurate, Sodium Citrate, Aniba Rosodora (Rosewood) Wood Oil, Lavandula Hybrida Oil, Benzyl Alcohol, Acide citrique, huile de Citrus Aurantium Dulcis (orange), acide d\u00e9hydroac\u00e9tique<\/span><\/p>\n<p>*Ingr\u00e9dient issu de l&rsquo;agriculture biologique<\/p>\n<h5><span class=\"summary__title\"><span class=\"accordion__title\">Caract\u00e9ristiques<\/span><\/span><\/h5>\n<div class=\"accordion__content custom__liquid-template--25612404392230__main rte\">\n<p><span class=\"metafield-multi_line_text_field\">Naturel, Sans cruaut\u00e9 animale, Mat\u00e9riel recyclable, V\u00e9gane, Sans OGM, Sans gluten, 100% naturel, 100% fait \u00e0 Montr\u00e9al, ingr\u00e9dients biologiques et de commerce \u00e9quitable.<\/span><\/p>\n<\/div>\n<\/div>\n<\/div>\n<\/div>\n","protected":false},"featured_media":12440,"comment_status":"open","ping_status":"closed","template":"","meta":[],"product_brand":[96],"product_cat":[93],"product_tag":[],"class_list":{"0":"post-12439","1":"product","2":"type-product","3":"status-publish","4":"has-post-thumbnail","6":"product_brand-zorah","7":"product_cat-mousse-nettoyant","9":"first","10":"instock","11":"taxable","12":"shipping-taxable","13":"purchasable","14":"product-type-simple"},"_links":{"self":[{"href":"https:\/\/livbeautespa.com\/boutique\/wp-json\/wp\/v2\/product\/12439","targetHints":{"allow":["GET"]}}],"collection":[{"href":"https:\/\/livbeautespa.com\/boutique\/wp-json\/wp\/v2\/product"}],"about":[{"href":"https:\/\/livbeautespa.com\/boutique\/wp-json\/wp\/v2\/types\/product"}],"replies":[{"embeddable":true,"href":"https:\/\/livbeautespa.com\/boutique\/wp-json\/wp\/v2\/comments?post=12439"}],"wp:featuredmedia":[{"embeddable":true,"href":"https:\/\/livbeautespa.com\/boutique\/wp-json\/wp\/v2\/media\/12440"}],"wp:attachment":[{"href":"https:\/\/livbeautespa.com\/boutique\/wp-json\/wp\/v2\/media?parent=12439"}],"wp:term":[{"taxonomy":"product_brand","embeddable":true,"href":"https:\/\/livbeautespa.com\/boutique\/wp-json\/wp\/v2\/product_brand?post=12439"},{"taxonomy":"product_cat","embeddable":true,"href":"https:\/\/livbeautespa.com\/boutique\/wp-json\/wp\/v2\/product_cat?post=12439"},{"taxonomy":"product_tag","embeddable":true,"href":"https:\/\/livbeautespa.com\/boutique\/wp-json\/wp\/v2\/product_tag?post=12439"}],"curies":[{"name":"wp","href":"https:\/\/api.w.org\/{rel}","templated":true}]}}