{"id":12433,"date":"2025-08-28T09:55:52","date_gmt":"2025-08-28T13:55:52","guid":{"rendered":"https:\/\/www.livbeautespa.com\/boutique\/?post_type=product&#038;p=12433"},"modified":"2026-03-06T02:16:41","modified_gmt":"2026-03-06T07:16:41","slug":"dzhari-brume-tonifiante-et-hydratante","status":"publish","type":"product","link":"https:\/\/livbeautespa.com\/boutique\/product\/dzhari-brume-tonifiante-et-hydratante\/","title":{"rendered":"Dzhari | brume tonifiante et hydratante"},"content":{"rendered":"<div class=\"quoteText\">\n<p>D\u00e9couvrez notre brume tonifiante et hydratante DZHARI, une formule rafra\u00eechissante et sans alcool con\u00e7ue pour revitaliser votre peau tout en maintenant son \u00e9quilibre naturel d&rsquo;hydratation. Cette brume l\u00e9g\u00e8re aide \u00e0 tonifier, rafra\u00eechir et hydrater votre peau, vous offrant ainsi une sensation de fra\u00eecheur et de confort tout au long de la journ\u00e9e.<\/p>\n<p>Ce\u00a0tonique\u00a0est sans alcool et ne contient que des vitamines et des min\u00e9raux essentiels pour la peau, tels que des peptides ou des tripeptides et des feuilles de l&rsquo;arganiers.<\/p>\n<p>Cette brume incroyablement rafra\u00eechissante, aux ar\u00f4mes de fleur d&rsquo;oranger, de citron et de bergamote, hydrate, adoucit et revitalise la peau.<\/p>\n<p>Riche en antioxydants, il convient \u00e0 tous les types de peau. Dzhari resserre les pores et est id\u00e9al avant toutes les routines de soins Zorah. Les hommes l&rsquo;aiment aussi pour son ar\u00f4me et parce qu&rsquo;il apaise la peau apr\u00e8s le rasage.<\/p>\n<p>&nbsp;<\/p>\n<\/div>\n<p><span lang=\"en-CA\">Cosm\u00e9tique Naturel et Biologique certifi\u00e9 par Ecocert Greenlife selon le r\u00e9f\u00e9rentiel Ecocert disponible sur\u00a0<a href=\"http:\/\/cosmetiques.ecocert.com\/\" target=\"_blank\" rel=\"noopener\" data-auth=\"NotApplicable\" data-safelink=\"true\" data-linkindex=\"3\">http:\/\/cosmetiques.ecocert.com<\/a><\/span><\/p>\n<p>&nbsp;<\/p>\n","protected":false},"excerpt":{"rendered":"<h5><span class=\"summary__title\"><span class=\"accordion__title\">Comment utiliser<\/span><\/span><\/h5>\n<div class=\"accordion__content custom__liquid-template--25612404392230__main rte\">\n<p>Appliquez Dzhari apr\u00e8s votre nettoyant, puis continuez avec le reste de votre routine Zorah. Appliquer au besoin tout au long de la journ\u00e9e pour lutter contre la d\u00e9shydratation ou pour un effet rafra\u00eechissant.<\/p>\n<h5>Ingr\u00e9dients<\/h5>\n<p>Aqua, extrait de feuille\/racine d&rsquo;Althaea Officinalis*, glyc\u00e9rine, extrait de Gossypium Herbaceum (coton), extrait de feuille d&rsquo;Argania Spinosa*, huile de Citrus aurantium dulcis (orange), acide d\u00e9hydroac\u00e9tique, laurate de polyglyc\u00e9ryle-10, alcool benzylique, huile d&rsquo;Aniba rosaeodora (bois de rose) , Phytate de sodium, huile de Lavandula hybrida.<\/p>\n<h5><span class=\"summary__title\"><span class=\"accordion__title\">Caract\u00e9ristiques<\/span><\/span><\/h5>\n<div class=\"accordion__content custom__liquid-template--25612404392230__main rte\">\n<p><span class=\"metafield-multi_line_text_field\">Sans cruaut\u00e9 animale, contenants recyclable, V\u00e9gane, Sans OGM, Sans gluten, 100% naturel, fait \u00e0 Montr\u00e9al, ingr\u00e9dients d&rsquo;origines biologiques et de commerce \u00e9quitable.<\/span><\/p>\n<\/div>\n<p>*Ingr\u00e9dient issu de l&rsquo;agriculture biologique<\/p>\n<\/div>\n","protected":false},"featured_media":12434,"comment_status":"open","ping_status":"closed","template":"","meta":[],"product_brand":[96],"product_cat":[91],"product_tag":[92],"class_list":{"0":"post-12433","1":"product","2":"type-product","3":"status-publish","4":"has-post-thumbnail","6":"product_brand-zorah","7":"product_cat-lotion","8":"product_tag-tonic","10":"first","11":"instock","12":"taxable","13":"shipping-taxable","14":"purchasable","15":"product-type-simple"},"_links":{"self":[{"href":"https:\/\/livbeautespa.com\/boutique\/wp-json\/wp\/v2\/product\/12433","targetHints":{"allow":["GET"]}}],"collection":[{"href":"https:\/\/livbeautespa.com\/boutique\/wp-json\/wp\/v2\/product"}],"about":[{"href":"https:\/\/livbeautespa.com\/boutique\/wp-json\/wp\/v2\/types\/product"}],"replies":[{"embeddable":true,"href":"https:\/\/livbeautespa.com\/boutique\/wp-json\/wp\/v2\/comments?post=12433"}],"wp:featuredmedia":[{"embeddable":true,"href":"https:\/\/livbeautespa.com\/boutique\/wp-json\/wp\/v2\/media\/12434"}],"wp:attachment":[{"href":"https:\/\/livbeautespa.com\/boutique\/wp-json\/wp\/v2\/media?parent=12433"}],"wp:term":[{"taxonomy":"product_brand","embeddable":true,"href":"https:\/\/livbeautespa.com\/boutique\/wp-json\/wp\/v2\/product_brand?post=12433"},{"taxonomy":"product_cat","embeddable":true,"href":"https:\/\/livbeautespa.com\/boutique\/wp-json\/wp\/v2\/product_cat?post=12433"},{"taxonomy":"product_tag","embeddable":true,"href":"https:\/\/livbeautespa.com\/boutique\/wp-json\/wp\/v2\/product_tag?post=12433"}],"curies":[{"name":"wp","href":"https:\/\/api.w.org\/{rel}","templated":true}]}}