{"id":12419,"date":"2025-08-25T12:01:28","date_gmt":"2025-08-25T16:01:28","guid":{"rendered":"https:\/\/www.livbeautespa.com\/boutique\/?post_type=product&#038;p=12419"},"modified":"2026-03-06T02:18:48","modified_gmt":"2026-03-06T07:18:48","slug":"kaila-gel-nettoyant-doux","status":"publish","type":"product","link":"https:\/\/livbeautespa.com\/boutique\/product\/kaila-gel-nettoyant-doux\/","title":{"rendered":"ka\u00efla | gel nettoyant doux"},"content":{"rendered":"<p>Vous avez la peau grasse et les yeux sensibles ? D\u00e9couvrez notre gel nettoyant doux KA\u00cfLA, sp\u00e9cialement con\u00e7u pour nettoyer en douceur la peau d\u00e9licate du visage, y compris la zone sensible des yeux. Ce gel nettoyant d\u00e9licat \u00e9limine les impuret\u00e9s, le maquillage et l&rsquo;exc\u00e8s de s\u00e9bum tout en pr\u00e9servant l&rsquo;hydratation naturelle de votre peau.<\/p>\n<ul>\n<li>Formule douce et non irritante respectant la sensibilit\u00e9 de la peau d\u00e9licate du visage et des yeux.<\/li>\n<li>Nettoie en profondeur pour \u00e9liminer les impuret\u00e9s, le maquillage et les r\u00e9sidus de pollution.<\/li>\n<li>Pr\u00e9serve l&rsquo;\u00e9quilibre hydrique naturel de la peau.<\/li>\n<li>Laisse la peau fra\u00eeche et propre.<\/li>\n<li>Convient \u00e0 tous les types de peau, m\u00eame les plus sensibles.<\/li>\n<\/ul>\n<p>Formul\u00e9 avec de l&rsquo;argile blanche, le gel nettoyant et d\u00e9maquillant Ka\u00efla nettoie d\u00e9licatement la peau, enl\u00e8ve le maquillage et r\u00e9gule la production de s\u00e9bum, tout en laissant la peau apais\u00e9e et souple. Ka\u00efla peut \u00eatre utilis\u00e9 pour d\u00e9maquiller les yeux sensibles et enlever le mascara waterproof. Le gel parfait pour les peaux grasses \u00e0 normales, avec un ar\u00f4me digne d\u2019un spa pour vous aider \u00e0 vous d\u00e9tendre !<\/p>\n<p>Cosm\u00e9tique Naturel certifi\u00e9 par Ecocert Greenlife selon le r\u00e9f\u00e9rentiel Ecocert disponible sur\u00a0<a href=\"http:\/\/cosmetiques.ecocert.com\/\" target=\"_new\">http:\/\/cosmetiques.ecocert.com<\/a><\/p>\n","protected":false},"excerpt":{"rendered":"<h5><strong data-start=\"55\" data-end=\"68\">Bienfaits<\/strong><\/h5>\n<p data-start=\"73\" data-end=\"113\">Calme et assainit les zones inflamm\u00e9es<\/p>\n<p data-start=\"116\" data-end=\"165\">D\u00e9maquille efficacement, m\u00eame le mascara tenace<\/p>\n<p data-start=\"168\" data-end=\"216\">Aide \u00e0 pr\u00e9venir et r\u00e9duire les pouss\u00e9es d\u2019acn\u00e9<\/p>\n<h5 data-start=\"168\" data-end=\"216\"><span class=\"summary__title\"><span class=\"accordion__title\">Comment utiliser<\/span><\/span><\/h5>\n<div class=\"accordion__content custom__liquid-template--25612404392230__main rte\">\n<p>Appliquez 1 pompe sur une serviette humique ou dans la paume de votre main et massez doucement vos yeux, votre visage et votre cou humides en mouvements circulaires. Utiliser matin et soir. Rincez \u00e0 l&rsquo;eau claire. D\u00e9maquille efficacement les yeux sensibles et les mascaras.<\/p>\n<h5><span class=\"summary__title\"><span class=\"accordion__title\">Ingr\u00e9dients<\/span><\/span><\/h5>\n<div class=\"accordion__content custom__liquid-template--25612404392230__main rte\">\n<p><span class=\"metafield-multi_line_text_field\">Aqua\/Water\/Eau, Lauryl Glucoside, Glycerin, Althaea Officinalis Leaf\/Root Extract*, Caprylyl\/Capryl Glucoside, Carthamus Tinctorius (Safflower) Oleosomes, Sodium Citrate, Hectorite, Aniba Rosodora (Rosewood) Wood Oil, Lavandula Hybrida Oil, Xanthan Gum , alcool benzylique, huile de Citrus Aurantium Dulcis (orange), acide citrique, acide d\u00e9hydroac\u00e9tique, acide phytique<\/span><\/p>\n<h5><span class=\"summary__title\"><span class=\"accordion__title\">Caract\u00e9ristiques<\/span><\/span><\/h5>\n<div class=\"accordion__content custom__liquid-template--25612404392230__main rte\">\n<p><span class=\"metafield-multi_line_text_field\">Sans cruaut\u00e9 animale, contenants recyclables, V\u00e9gane, Sans OGM, Sans gluten, 100% naturel, fait \u00e0 Montr\u00e9al, ingr\u00e9dients d&rsquo;origines biologiques et de commerce \u00e9quitable.<\/span><\/p>\n<\/div>\n<\/div>\n<\/div>\n","protected":false},"featured_media":12423,"comment_status":"open","ping_status":"closed","template":"","meta":[],"product_brand":[96],"product_cat":[60,89],"product_tag":[],"class_list":{"0":"post-12419","1":"product","2":"type-product","3":"status-publish","4":"has-post-thumbnail","6":"product_brand-zorah","7":"product_cat-demaquillants","8":"product_cat-gel-nettoyant","10":"first","11":"instock","12":"taxable","13":"shipping-taxable","14":"purchasable","15":"product-type-simple"},"_links":{"self":[{"href":"https:\/\/livbeautespa.com\/boutique\/wp-json\/wp\/v2\/product\/12419","targetHints":{"allow":["GET"]}}],"collection":[{"href":"https:\/\/livbeautespa.com\/boutique\/wp-json\/wp\/v2\/product"}],"about":[{"href":"https:\/\/livbeautespa.com\/boutique\/wp-json\/wp\/v2\/types\/product"}],"replies":[{"embeddable":true,"href":"https:\/\/livbeautespa.com\/boutique\/wp-json\/wp\/v2\/comments?post=12419"}],"wp:featuredmedia":[{"embeddable":true,"href":"https:\/\/livbeautespa.com\/boutique\/wp-json\/wp\/v2\/media\/12423"}],"wp:attachment":[{"href":"https:\/\/livbeautespa.com\/boutique\/wp-json\/wp\/v2\/media?parent=12419"}],"wp:term":[{"taxonomy":"product_brand","embeddable":true,"href":"https:\/\/livbeautespa.com\/boutique\/wp-json\/wp\/v2\/product_brand?post=12419"},{"taxonomy":"product_cat","embeddable":true,"href":"https:\/\/livbeautespa.com\/boutique\/wp-json\/wp\/v2\/product_cat?post=12419"},{"taxonomy":"product_tag","embeddable":true,"href":"https:\/\/livbeautespa.com\/boutique\/wp-json\/wp\/v2\/product_tag?post=12419"}],"curies":[{"name":"wp","href":"https:\/\/api.w.org\/{rel}","templated":true}]}}