{"id":12409,"date":"2025-08-22T10:26:00","date_gmt":"2025-08-22T14:26:00","guid":{"rendered":"https:\/\/www.livbeautespa.com\/boutique\/?post_type=product&#038;p=12409"},"modified":"2026-03-06T08:49:39","modified_gmt":"2026-03-06T13:49:39","slug":"681-liftexpert-patchs-lissants","status":"publish","type":"product","link":"https:\/\/livbeautespa.com\/boutique\/product\/681-liftexpert-patchs-lissants\/","title":{"rendered":"681 LIFT&rsquo;EXPERT Patchs Lissants"},"content":{"rendered":"<p data-start=\"932\" data-end=\"955\"><strong data-start=\"932\" data-end=\"953\">ACTIFS PRINCIPAUX<\/strong><\/p>\n<p data-start=\"958\" data-end=\"1143\"><strong data-start=\"958\" data-end=\"1008\">Acide hyaluronique \u00e0 quatre poids mol\u00e9culaires<\/strong> : Stimule la production de collag\u00e8ne et renforce la densit\u00e9 des tissus cellulaires en agissant sur toutes les couches de l\u2019\u00e9piderme.<\/p>\n<p data-start=\"1146\" data-end=\"1288\"><strong data-start=\"1146\" data-end=\"1179\">Extrait de fleur de calendula<\/strong> : Riche en oligosaccharides, il favorise la synth\u00e8se du procollag\u00e8ne et limite l\u2019action de la collag\u00e9nase.<\/p>\n<p data-start=\"1291\" data-end=\"1422\"><strong data-start=\"1291\" data-end=\"1318\">Extrait de vin de glace<\/strong> : Issu de raisins r\u00e9colt\u00e9s \u00e0 -7\u202f\u00b0C, concentr\u00e9 en polyph\u00e9nols aux propri\u00e9t\u00e9s antioxydantes puissantes.<\/p>\n<p data-start=\"1424\" data-end=\"1675\"><strong data-start=\"1424\" data-end=\"1450\">CONSEILS D\u2019UTILISATION<\/strong><br data-start=\"1450\" data-end=\"1453\" \/>Une fois par semaine, appliquer sur une peau propre et s\u00e8che les patchs sur le front, le contour des yeux et des l\u00e8vres. Laisser poser 15 minutes, retirer, puis masser doucement pour faire p\u00e9n\u00e9trer l\u2019exc\u00e9dent de produit.<\/p>\n","protected":false},"excerpt":{"rendered":"<p data-start=\"75\" data-end=\"152\"><strong data-start=\"75\" data-end=\"150\">Patchs lissants \u2013 Stimule la production de collag\u00e8ne et repulpe la peau<\/strong><\/p>\n<p data-start=\"154\" data-end=\"330\">Con\u00e7us sp\u00e9cialement pour les cinq zones du visage les plus sujettes aux rides, les <strong data-start=\"237\" data-end=\"272\">681 LIFT&rsquo;EXPERT Patchs Lissants<\/strong> d\u00e9livrent un concentr\u00e9 d\u2019actifs hydratants et lissants.<\/p>\n<p data-start=\"332\" data-end=\"450\">Enrichie en acide hyaluronique \u00e0 quatre poids mol\u00e9culaires, leur formule agit sur toutes les couches de l\u2019\u00e9piderme :<\/p>\n<p data-start=\"453\" data-end=\"620\">Les mol\u00e9cules de haut poids mol\u00e9culaire restent en surface pour former un film protecteur et hydratant, r\u00e9duisant l\u2019apparition des ridules li\u00e9es \u00e0 la d\u00e9shydratation.<br \/>\nLes mol\u00e9cules de bas poids mol\u00e9culaire p\u00e9n\u00e8trent profond\u00e9ment pour inhiber la collag\u00e9nase, repulper la peau de l\u2019int\u00e9rieur et renforcer la densit\u00e9 cellulaire.<\/p>\n<p data-start=\"785\" data-end=\"930\">Gr\u00e2ce \u00e0 leur technologie hydrogel, ces patchs offrent un effet \u201cseconde peau\u201d qui optimise la p\u00e9n\u00e9tration des actifs et maximise les r\u00e9sultats.<\/p>\n","protected":false},"featured_media":12410,"comment_status":"open","ping_status":"closed","template":"","meta":[],"product_brand":[95],"product_cat":[59],"product_tag":[],"class_list":{"0":"post-12409","1":"product","2":"type-product","3":"status-publish","4":"has-post-thumbnail","6":"product_brand-maria-galland","7":"product_cat-uncategorized","9":"first","10":"instock","11":"taxable","12":"shipping-taxable","13":"purchasable","14":"product-type-simple"},"_links":{"self":[{"href":"https:\/\/livbeautespa.com\/boutique\/wp-json\/wp\/v2\/product\/12409","targetHints":{"allow":["GET"]}}],"collection":[{"href":"https:\/\/livbeautespa.com\/boutique\/wp-json\/wp\/v2\/product"}],"about":[{"href":"https:\/\/livbeautespa.com\/boutique\/wp-json\/wp\/v2\/types\/product"}],"replies":[{"embeddable":true,"href":"https:\/\/livbeautespa.com\/boutique\/wp-json\/wp\/v2\/comments?post=12409"}],"wp:featuredmedia":[{"embeddable":true,"href":"https:\/\/livbeautespa.com\/boutique\/wp-json\/wp\/v2\/media\/12410"}],"wp:attachment":[{"href":"https:\/\/livbeautespa.com\/boutique\/wp-json\/wp\/v2\/media?parent=12409"}],"wp:term":[{"taxonomy":"product_brand","embeddable":true,"href":"https:\/\/livbeautespa.com\/boutique\/wp-json\/wp\/v2\/product_brand?post=12409"},{"taxonomy":"product_cat","embeddable":true,"href":"https:\/\/livbeautespa.com\/boutique\/wp-json\/wp\/v2\/product_cat?post=12409"},{"taxonomy":"product_tag","embeddable":true,"href":"https:\/\/livbeautespa.com\/boutique\/wp-json\/wp\/v2\/product_tag?post=12409"}],"curies":[{"name":"wp","href":"https:\/\/api.w.org\/{rel}","templated":true}]}}