{"id":12406,"date":"2025-08-22T10:21:42","date_gmt":"2025-08-22T14:21:42","guid":{"rendered":"https:\/\/www.livbeautespa.com\/boutique\/?post_type=product&#038;p=12406"},"modified":"2026-03-06T08:50:24","modified_gmt":"2026-03-06T13:50:24","slug":"560-lumineclat-creme-sublimatrice","status":"publish","type":"product","link":"https:\/\/livbeautespa.com\/boutique\/product\/560-lumineclat-creme-sublimatrice\/","title":{"rendered":"560 LUMIN&rsquo;\u00c9CLAT Cr\u00e8me Sublimatrice"},"content":{"rendered":"<p data-start=\"965\" data-end=\"993\"><strong data-start=\"965\" data-end=\"991\">PRINCIPAUX INGR\u00c9DIENTS<\/strong><\/p>\n<p data-start=\"996\" data-end=\"1197\"><strong data-start=\"996\" data-end=\"1027\">Extrait de rose de Provence<\/strong> : Uniformise le teint, lisse la surface et r\u00e9duit l\u2019apparence des ridules et des pores, permettant \u00e0 la peau de r\u00e9fl\u00e9chir la lumi\u00e8re et de retrouver son \u00e9clat naturel.<\/p>\n<p data-start=\"1200\" data-end=\"1344\"><strong data-start=\"1200\" data-end=\"1231\">Infusion de phytonutriments<\/strong> : Hydrate, nourrit, remin\u00e9ralise et restaure la fonction barri\u00e8re de la peau ainsi que le film hydrolipidique.<\/p>\n<p data-start=\"1347\" data-end=\"1530\"><strong data-start=\"1347\" data-end=\"1371\">Bouclier antioxydant<\/strong> : Prot\u00e8ge la peau contre les agressions du stress oxydatif li\u00e9 \u00e0 un mode de vie intense (stress, fatigue, lumi\u00e8re bleue, pollution, alimentation, toxines\u2026).<\/p>\n<p data-start=\"1532\" data-end=\"1787\"><strong data-start=\"1532\" data-end=\"1558\">CONSEILS D\u2019UTILISATION<\/strong><br data-start=\"1558\" data-end=\"1561\" \/>Appliquer matin et\/ou soir, sur le visage, le cou et le d\u00e9collet\u00e9, apr\u00e8s le <strong data-start=\"1637\" data-end=\"1662\">540 LUMIN\u2019\u00c9CLAT S\u00c9RUM<\/strong>. Ce soin l\u00e9ger et onctueux peut \u00eatre utilis\u00e9 comme soin de jour et de nuit, id\u00e9al pour les femmes au rythme de vie press\u00e9.<\/p>\n","protected":false},"excerpt":{"rendered":"<p data-start=\"124\" data-end=\"222\">La peau, expos\u00e9e au rythme effr\u00e9n\u00e9 de la vie quotidienne, m\u00e9rite d\u2019\u00eatre \u00e9clatante et rayonnante.<\/p>\n<p data-start=\"224\" data-end=\"543\">Lorsque le syst\u00e8me antioxydant naturel de la peau est d\u00e9pass\u00e9 par le stress oxydatif, qu\u2019il soit externe ou interne, un d\u00e9s\u00e9quilibre cutan\u00e9 peut survenir. Ridules, pores dilat\u00e9s, accumulation de cellules mortes et d\u00e9shydratation deviennent plus visibles, et la capacit\u00e9 de la peau \u00e0 refl\u00e9ter la lumi\u00e8re peut diminuer.<\/p>\n<p data-start=\"545\" data-end=\"963\">Au c\u0153ur de ce soin, un extrait de rose de Provence, associ\u00e9 \u00e0 d\u2019autres actifs illuminants, agit pour uniformiser le teint et lisser la surface de la peau, tout en estompant ridules et pores. Ces ingr\u00e9dients r\u00e9v\u00e8lent l\u2019\u00e9clat naturel de la peau et, combin\u00e9s \u00e0 une s\u00e9lection de phytonutriments, renforcent la barri\u00e8re cutan\u00e9e et offrent un bouclier antioxydant, soutenant ainsi le m\u00e9canisme d\u2019autoprotection de la peau.<\/p>\n","protected":false},"featured_media":12407,"comment_status":"open","ping_status":"closed","template":"","meta":[],"product_brand":[95],"product_cat":[66],"product_tag":[86],"class_list":{"0":"post-12406","1":"product","2":"type-product","3":"status-publish","4":"has-post-thumbnail","6":"product_brand-maria-galland","7":"product_cat-creme","8":"product_tag-sublimatrice","10":"first","11":"instock","12":"taxable","13":"shipping-taxable","14":"purchasable","15":"product-type-simple"},"_links":{"self":[{"href":"https:\/\/livbeautespa.com\/boutique\/wp-json\/wp\/v2\/product\/12406","targetHints":{"allow":["GET"]}}],"collection":[{"href":"https:\/\/livbeautespa.com\/boutique\/wp-json\/wp\/v2\/product"}],"about":[{"href":"https:\/\/livbeautespa.com\/boutique\/wp-json\/wp\/v2\/types\/product"}],"replies":[{"embeddable":true,"href":"https:\/\/livbeautespa.com\/boutique\/wp-json\/wp\/v2\/comments?post=12406"}],"wp:featuredmedia":[{"embeddable":true,"href":"https:\/\/livbeautespa.com\/boutique\/wp-json\/wp\/v2\/media\/12407"}],"wp:attachment":[{"href":"https:\/\/livbeautespa.com\/boutique\/wp-json\/wp\/v2\/media?parent=12406"}],"wp:term":[{"taxonomy":"product_brand","embeddable":true,"href":"https:\/\/livbeautespa.com\/boutique\/wp-json\/wp\/v2\/product_brand?post=12406"},{"taxonomy":"product_cat","embeddable":true,"href":"https:\/\/livbeautespa.com\/boutique\/wp-json\/wp\/v2\/product_cat?post=12406"},{"taxonomy":"product_tag","embeddable":true,"href":"https:\/\/livbeautespa.com\/boutique\/wp-json\/wp\/v2\/product_tag?post=12406"}],"curies":[{"name":"wp","href":"https:\/\/api.w.org\/{rel}","templated":true}]}}