{"id":12403,"date":"2025-08-22T10:16:40","date_gmt":"2025-08-22T14:16:40","guid":{"rendered":"https:\/\/www.livbeautespa.com\/boutique\/?post_type=product&#038;p=12403"},"modified":"2026-03-06T08:50:49","modified_gmt":"2026-03-06T13:50:49","slug":"5b-nutrivital-creme-riche-intense","status":"publish","type":"product","link":"https:\/\/livbeautespa.com\/boutique\/product\/5b-nutrivital-creme-riche-intense\/","title":{"rendered":"5B NUTRI&rsquo;VITAL Cr\u00e8me riche intense"},"content":{"rendered":"<p data-start=\"647\" data-end=\"670\"><strong data-start=\"647\" data-end=\"668\">Actifs principaux<\/strong><\/p>\n<p data-start=\"673\" data-end=\"725\"><strong data-start=\"673\" data-end=\"694\">Huile de noisette<\/strong> : source nutritive pr\u00e9cieuse<\/p>\n<p data-start=\"728\" data-end=\"818\"><strong data-start=\"728\" data-end=\"752\">Phytost\u00e9rols de soja<\/strong> : lipides biomim\u00e9tiques imitant les lipides naturels de la peau<\/p>\n<p data-start=\"821\" data-end=\"907\"><strong data-start=\"821\" data-end=\"875\">Extraits de camomille &amp; marron d\u2019Inde + allanto\u00efne<\/strong> : apaisent et calment la peau<\/p>\n<p data-start=\"910\" data-end=\"1012\"><strong data-start=\"910\" data-end=\"930\">Vitamines A &amp; B6<\/strong> : stimulent le renouvellement cellulaire et revitalisent les fonctions cutan\u00e9es<\/p>\n<p data-start=\"1015\" data-end=\"1084\"><strong data-start=\"1015\" data-end=\"1033\">Cire d\u2019abeille<\/strong> : prot\u00e8ge contre les facteurs de stress externes<\/p>\n","protected":false},"excerpt":{"rendered":"<p><strong data-start=\"66\" data-end=\"135\">Alternative intense \u00e0 notre iconique N\u00b05 \u2013 pour peaux tr\u00e8s s\u00e8ches<\/strong><br data-start=\"135\" data-end=\"138\" \/>La <strong data-start=\"141\" data-end=\"179\">5B Cr\u00e8me Riche Intense NUTRI\u2019VITAL<\/strong> est le soin nocturne id\u00e9al des peaux s\u00e8ches \u00e0 tr\u00e8s s\u00e8ches. Sa texture riche concentre des nutriments pr\u00e9cieux, associ\u00e9s \u00e0 des actifs revitalisants et protecteurs, pour offrir une exp\u00e9rience de r\u00e9g\u00e9n\u00e9ration en profondeur. Ensemble, ces actifs restaurent le confort cutan\u00e9, r\u00e9\u00e9quilibrent les niveaux de lipides et renforcent la fonction barri\u00e8re de la peau. Ils l\u2019aident \u00e9galement \u00e0 mieux r\u00e9sister aux agressions ext\u00e9rieures et \u00e0 pr\u00e9venir toute nouvelle alt\u00e9ration.<\/p>\n","protected":false},"featured_media":12404,"comment_status":"open","ping_status":"closed","template":"","meta":[],"product_brand":[95],"product_cat":[66],"product_tag":[85,84],"class_list":{"0":"post-12403","1":"product","2":"type-product","3":"status-publish","4":"has-post-thumbnail","6":"product_brand-maria-galland","7":"product_cat-creme","8":"product_tag-intense","9":"product_tag-riche","11":"first","12":"instock","13":"taxable","14":"shipping-taxable","15":"purchasable","16":"product-type-simple"},"_links":{"self":[{"href":"https:\/\/livbeautespa.com\/boutique\/wp-json\/wp\/v2\/product\/12403","targetHints":{"allow":["GET"]}}],"collection":[{"href":"https:\/\/livbeautespa.com\/boutique\/wp-json\/wp\/v2\/product"}],"about":[{"href":"https:\/\/livbeautespa.com\/boutique\/wp-json\/wp\/v2\/types\/product"}],"replies":[{"embeddable":true,"href":"https:\/\/livbeautespa.com\/boutique\/wp-json\/wp\/v2\/comments?post=12403"}],"wp:featuredmedia":[{"embeddable":true,"href":"https:\/\/livbeautespa.com\/boutique\/wp-json\/wp\/v2\/media\/12404"}],"wp:attachment":[{"href":"https:\/\/livbeautespa.com\/boutique\/wp-json\/wp\/v2\/media?parent=12403"}],"wp:term":[{"taxonomy":"product_brand","embeddable":true,"href":"https:\/\/livbeautespa.com\/boutique\/wp-json\/wp\/v2\/product_brand?post=12403"},{"taxonomy":"product_cat","embeddable":true,"href":"https:\/\/livbeautespa.com\/boutique\/wp-json\/wp\/v2\/product_cat?post=12403"},{"taxonomy":"product_tag","embeddable":true,"href":"https:\/\/livbeautespa.com\/boutique\/wp-json\/wp\/v2\/product_tag?post=12403"}],"curies":[{"name":"wp","href":"https:\/\/api.w.org\/{rel}","templated":true}]}}