{"id":11261,"date":"2025-08-06T11:38:12","date_gmt":"2025-08-06T15:38:12","guid":{"rendered":"http:\/\/demo.woothemes.com\/woocommerce\/?post_type=product&#038;p=99"},"modified":"2026-03-06T09:07:12","modified_gmt":"2026-03-06T14:07:12","slug":"2-masque-souple","status":"publish","type":"product","link":"https:\/\/livbeautespa.com\/boutique\/product\/2-masque-souple\/","title":{"rendered":"2 Masque Souple"},"content":{"rendered":"<div class=\"wpb-content-wrapper\"><p>[vc_row][vc_column][vc_column_text]<\/p>\n<p data-start=\"136\" data-end=\"344\">Un masque nouvelle g\u00e9n\u00e9ration qui purifie votre peau des toxines accumul\u00e9es pendant la nuit. Ultra-efficace en seulement 4 minutes par jour : un coup d\u2019\u00e9clat imm\u00e9diat, pour des r\u00e9sultats visibles et durables.<\/p>\n<p data-start=\"346\" data-end=\"784\">Le <strong data-start=\"349\" data-end=\"379\">masque souple 2 | iconique<\/strong> r\u00e9\u00e9quilibre la peau d\u00e8s le r\u00e9veil. En un seul geste, il \u00e9limine l\u2019exc\u00e8s de s\u00e9bum et les cellules mortes, sans compromettre la barri\u00e8re cutan\u00e9e. R\u00e9sultat ? Une peau fra\u00eeche, un teint lumineux et une texture visiblement plus lisse. Sa formule douce permet une utilisation quotidienne, avec des b\u00e9n\u00e9fices qui s\u2019intensifient jour apr\u00e8s jour : pores resserr\u00e9s, imperfections att\u00e9nu\u00e9es et grain de peau affin\u00e9.<\/p>\n<h3 data-start=\"786\" data-end=\"808\">Ingr\u00e9dients cl\u00e9s :<\/h3>\n<p data-start=\"811\" data-end=\"963\"><strong data-start=\"811\" data-end=\"840\">Kaolin (argile naturelle)<\/strong> : absorbe en douceur les impuret\u00e9s nocturnes comme le s\u00e9bum, les cellules mortes et les bact\u00e9ries d\u00e9pos\u00e9es sur l\u2019oreiller.<\/p>\n<p data-start=\"966\" data-end=\"1050\"><strong data-start=\"966\" data-end=\"987\">Extrait de lierre<\/strong> : stimule la microcirculation, tonifie et rafra\u00eechit le teint.<\/p>\n<p data-start=\"1053\" data-end=\"1122\"><strong data-start=\"1053\" data-end=\"1074\">Extrait de fraise<\/strong> : ravive l\u2019\u00e9clat naturel et revitalise la peau.<\/p>\n<p data-start=\"1125\" data-end=\"1197\"><strong data-start=\"1125\" data-end=\"1139\">Allanto\u00efne<\/strong> : calme les irritations et diminue l\u2019apparence des pores.<\/p>\n<p data-start=\"1200\" data-end=\"1263\"><strong data-start=\"1200\" data-end=\"1215\">Vitamine B6<\/strong> : soutient les fonctions naturelles de la peau.<\/p>\n<h3 data-start=\"1265\" data-end=\"1284\">Mode d\u2019emploi :<\/h3>\n<p data-start=\"1285\" data-end=\"1607\">Appliquez le matin sur peau propre en \u00e9talant uniform\u00e9ment. Laissez poser 4 minutes \u2013 le temps de prendre votre douche, de vous brosser les dents ou de savourer votre caf\u00e9. Rincez \u00e0 l\u2019eau fra\u00eeche, puis s\u00e9chez d\u00e9licatement. Votre peau est pr\u00eate \u00e0 recevoir le reste de votre routine beaut\u00e9, dont l\u2019efficacit\u00e9 sera optimis\u00e9e.<\/p>\n<p>[\/vc_column_text][\/vc_column][\/vc_row]<\/p>\n<\/div>","protected":false},"excerpt":{"rendered":"<p>Un masque nouvelle g\u00e9n\u00e9ration qui purifie votre peau des toxines accumul\u00e9es pendant la nuit. Ultra-efficace en seulement 4 minutes par jour : un coup d\u2019\u00e9clat imm\u00e9diat, pour des r\u00e9sultats visibles et durables.<\/p>\n","protected":false},"featured_media":12285,"comment_status":"open","ping_status":"closed","template":"","meta":[],"product_brand":[95],"product_cat":[60],"product_tag":[62,61],"class_list":{"0":"post-11261","1":"product","2":"type-product","3":"status-publish","4":"has-post-thumbnail","6":"product_brand-maria-galland","7":"product_cat-demaquillants","8":"product_tag-maquillage","9":"product_tag-visage","11":"first","12":"instock","13":"featured","14":"taxable","15":"shipping-taxable","16":"purchasable","17":"product-type-simple"},"_links":{"self":[{"href":"https:\/\/livbeautespa.com\/boutique\/wp-json\/wp\/v2\/product\/11261","targetHints":{"allow":["GET"]}}],"collection":[{"href":"https:\/\/livbeautespa.com\/boutique\/wp-json\/wp\/v2\/product"}],"about":[{"href":"https:\/\/livbeautespa.com\/boutique\/wp-json\/wp\/v2\/types\/product"}],"replies":[{"embeddable":true,"href":"https:\/\/livbeautespa.com\/boutique\/wp-json\/wp\/v2\/comments?post=11261"}],"wp:featuredmedia":[{"embeddable":true,"href":"https:\/\/livbeautespa.com\/boutique\/wp-json\/wp\/v2\/media\/12285"}],"wp:attachment":[{"href":"https:\/\/livbeautespa.com\/boutique\/wp-json\/wp\/v2\/media?parent=11261"}],"wp:term":[{"taxonomy":"product_brand","embeddable":true,"href":"https:\/\/livbeautespa.com\/boutique\/wp-json\/wp\/v2\/product_brand?post=11261"},{"taxonomy":"product_cat","embeddable":true,"href":"https:\/\/livbeautespa.com\/boutique\/wp-json\/wp\/v2\/product_cat?post=11261"},{"taxonomy":"product_tag","embeddable":true,"href":"https:\/\/livbeautespa.com\/boutique\/wp-json\/wp\/v2\/product_tag?post=11261"}],"curies":[{"name":"wp","href":"https:\/\/api.w.org\/{rel}","templated":true}]}}