{"id":11259,"date":"2025-08-06T11:36:34","date_gmt":"2025-08-06T15:36:34","guid":{"rendered":"http:\/\/demo.woothemes.com\/woocommerce\/?post_type=product&#038;p=93"},"modified":"2026-03-06T08:25:53","modified_gmt":"2026-03-06T13:25:53","slug":"160-sensirepair-creme","status":"publish","type":"product","link":"https:\/\/livbeautespa.com\/boutique\/product\/160-sensirepair-creme\/","title":{"rendered":"160 SENSI&rsquo;REPAIR Cr\u00e8me 50ml"},"content":{"rendered":"<p data-start=\"103\" data-end=\"326\"><strong data-start=\"103\" data-end=\"150\">Une technologie adapt\u00e9e aux peaux sensibles<\/strong><br data-start=\"150\" data-end=\"153\" \/>Con\u00e7ue selon la Charte sp\u00e9cifique aux peaux sensibles de Maria Galland Paris, la gamme SENSI&rsquo;REPAIR est formul\u00e9e sans parfums allerg\u00e8nes, parab\u00e8nes ni huiles essentielles.<\/p>\n<p data-start=\"328\" data-end=\"593\">Enrichie d\u2019actifs soigneusement s\u00e9lectionn\u00e9s, cette ligne apaise les sensations d\u2019inconfort et de tiraillement, tout en nourrissant, fortifiant et prot\u00e9geant la peau en profondeur. Jour apr\u00e8s jour, la peau est visiblement plus calme, plus douce et mieux \u00e9quilibr\u00e9e.<\/p>\n<p data-start=\"595\" data-end=\"805\"><strong data-start=\"595\" data-end=\"621\">160 SENSI&rsquo;REPAIR Cr\u00e8me<\/strong><br data-start=\"621\" data-end=\"624\" \/>Cette cr\u00e8me hydrate intens\u00e9ment, nourrit et calme la peau tout en procurant une agr\u00e9able sensation de confort. Sa texture onctueuse glisse sur la peau, laissant une douceur soyeuse.<\/p>\n<p data-start=\"807\" data-end=\"1215\">Gr\u00e2ce \u00e0 une synergie d\u2019actifs innovants et d\u2019un complexe de probiotiques, la barri\u00e8re cutan\u00e9e est renforc\u00e9e, la r\u00e9g\u00e9n\u00e9ration cellulaire stimul\u00e9e, et l\u2019hydratation pr\u00e9serv\u00e9e. L\u2019Aloe Vera, les huiles v\u00e9g\u00e9tales et le beurre de karit\u00e9 apaisent les rougeurs tout en r\u00e9confortant la peau. Des agents protecteurs aident \u00e9galement \u00e0 d\u00e9fendre la peau contre les agressions ext\u00e9rieures et les signes visibles de l\u2019\u00e2ge.<\/p>\n<p data-start=\"1217\" data-end=\"1372\"><strong data-start=\"1217\" data-end=\"1229\">R\u00e9sultat<\/strong><br data-start=\"1229\" data-end=\"1232\" \/>La peau est apais\u00e9e, r\u00e9\u00e9quilibr\u00e9e et visiblement moins r\u00e9active. Elle devient plus r\u00e9sistante au stress et aux agressions environnementales.<\/p>\n<p data-start=\"1374\" data-end=\"1391\"><strong data-start=\"1374\" data-end=\"1389\">Actifs cl\u00e9s<\/strong><\/p>\n<p data-start=\"1394\" data-end=\"1492\"><strong data-start=\"1394\" data-end=\"1420\">Ferment de miel suisse<\/strong> : issu d\u2019un proc\u00e9d\u00e9 biotechnologique, il unifie et illumine le teint.<\/p>\n<p data-start=\"1495\" data-end=\"1612\"><strong data-start=\"1495\" data-end=\"1543\">Complexe NMF (facteur naturel d\u2019hydratation)<\/strong> : renforce la barri\u00e8re cutan\u00e9e et r\u00e9duit les risques d\u2019irritation.<\/p>\n<p data-start=\"1615\" data-end=\"1682\"><strong data-start=\"1615\" data-end=\"1628\">Aloe Vera<\/strong> : hydrate en profondeur et procure un effet apaisant.<\/p>\n<p data-start=\"1684\" data-end=\"1811\"><strong data-start=\"1684\" data-end=\"1710\">Conseils d\u2019utilisation<\/strong><br data-start=\"1710\" data-end=\"1713\" \/>Appliquer matin et\/ou soir sur le visage, le cou et le d\u00e9collet\u00e9, apr\u00e8s le s\u00e9rum 140 SENSI&rsquo;REPAIR.<\/p>\n","protected":false},"excerpt":{"rendered":"<p>Cr\u00e8me apaisante et hydratante pour peaux sensibles. Renforce la barri\u00e8re cutan\u00e9e, r\u00e9duit les rougeurs et prot\u00e8ge contre les agressions ext\u00e9rieures.<\/p>\n","protected":false},"featured_media":12304,"comment_status":"open","ping_status":"closed","template":"","meta":[],"product_brand":[95],"product_cat":[66],"product_tag":[67,65],"class_list":{"0":"post-11259","1":"product","2":"type-product","3":"status-publish","4":"has-post-thumbnail","6":"product_brand-maria-galland","7":"product_cat-creme","8":"product_tag-creme","9":"product_tag-visages","11":"first","12":"instock","13":"downloadable","14":"taxable","15":"shipping-taxable","16":"purchasable","17":"product-type-simple"},"_links":{"self":[{"href":"https:\/\/livbeautespa.com\/boutique\/wp-json\/wp\/v2\/product\/11259","targetHints":{"allow":["GET"]}}],"collection":[{"href":"https:\/\/livbeautespa.com\/boutique\/wp-json\/wp\/v2\/product"}],"about":[{"href":"https:\/\/livbeautespa.com\/boutique\/wp-json\/wp\/v2\/types\/product"}],"replies":[{"embeddable":true,"href":"https:\/\/livbeautespa.com\/boutique\/wp-json\/wp\/v2\/comments?post=11259"}],"wp:featuredmedia":[{"embeddable":true,"href":"https:\/\/livbeautespa.com\/boutique\/wp-json\/wp\/v2\/media\/12304"}],"wp:attachment":[{"href":"https:\/\/livbeautespa.com\/boutique\/wp-json\/wp\/v2\/media?parent=11259"}],"wp:term":[{"taxonomy":"product_brand","embeddable":true,"href":"https:\/\/livbeautespa.com\/boutique\/wp-json\/wp\/v2\/product_brand?post=11259"},{"taxonomy":"product_cat","embeddable":true,"href":"https:\/\/livbeautespa.com\/boutique\/wp-json\/wp\/v2\/product_cat?post=11259"},{"taxonomy":"product_tag","embeddable":true,"href":"https:\/\/livbeautespa.com\/boutique\/wp-json\/wp\/v2\/product_tag?post=11259"}],"curies":[{"name":"wp","href":"https:\/\/api.w.org\/{rel}","templated":true}]}}