{"id":11184,"date":"2025-08-06T11:29:44","date_gmt":"2025-08-06T15:29:44","guid":{"rendered":"http:\/\/demo.woothemes.com\/woocommerce\/?post_type=product&#038;p=79"},"modified":"2026-03-06T09:11:23","modified_gmt":"2026-03-06T14:11:23","slug":"262-hydraglobal-creme-legere","status":"publish","type":"product","link":"https:\/\/livbeautespa.com\/boutique\/product\/262-hydraglobal-creme-legere\/","title":{"rendered":"262 HYDRA&rsquo;GLOBAL Cr\u00e8me L\u00e9g\u00e8re"},"content":{"rendered":"<p class=\"my-0 py-2 [&amp;_strong:has(+br)]:inline-block [&amp;_strong:has(+br)]:pb-2\"><strong>Principaux actifs<\/strong><\/p>\n<p class=\"my-0 py-2 [&amp;_strong:has(+br)]:inline-block [&amp;_strong:has(+br)]:pb-2\"><strong>COMPLEXE HYDRA\u00b2<\/strong>\u00a0(Boosteur d\u2019acide hyaluronique + Acide hyaluronique)\u00a0: hydrate intens\u00e9ment, raffermit et lisse la peau.<\/p>\n<p class=\"my-0 py-2 [&amp;_strong:has(+br)]:inline-block [&amp;_strong:has(+br)]:pb-2\"><strong>ENERGY BOOSTER COMPLEX<\/strong>\u00a0: stimule l\u2019activit\u00e9 cutan\u00e9e et att\u00e9nue les signes de fatigue.<\/p>\n<p class=\"my-0 py-2 [&amp;_strong:has(+br)]:inline-block [&amp;_strong:has(+br)]:pb-2\"><strong>SKIN-PROTECT COMPLEX<\/strong>\u00a0(Eau de mer souterraine de l\u2019\u00eele de Noirmoutier + extrait de macro-algues)\u00a0: revitalise, renforce les d\u00e9fenses naturelles et apporte une puissante action antioxydante.<\/p>\n<p class=\"my-0 py-2 [&amp;_strong:has(+br)]:inline-block [&amp;_strong:has(+br)]:pb-2\"><strong>Conseils d\u2019utilisation<\/strong><br \/>\nAppliquer matin et\/ou soir sur le visage, le cou et le d\u00e9collet\u00e9, apr\u00e8s le S\u00e9rum 240 HYDRA&rsquo;GLOBAL. Id\u00e9ale pour les peaux normales \u00e0 mixtes souffrant de d\u00e9shydratation.<\/p>\n","protected":false},"excerpt":{"rendered":"<p class=\"my-0 py-2 [&amp;_strong:has(+br)]:inline-block [&amp;_strong:has(+br)]:pb-2\">Cr\u00e8me l\u00e9g\u00e8re hydratante sp\u00e9cialement formul\u00e9e pour les peaux d\u00e9shydrat\u00e9es normales \u00e0 mixtes. Sa texture fondante et ultra-sensorielle fond sur la peau, offrant un effet fra\u00eecheur imm\u00e9diat, pour une peau visiblement plus lisse et ferme. V\u00e9ritable source quotidienne d\u2019hydratation et d\u2019\u00e9nergie, la Cr\u00e8me L\u00e9g\u00e8re 262 HYDRA&rsquo;GLOBAL associe des complexes anti-\u00e2ge innovants qui dynamisent, revitalisent et prot\u00e8gent efficacement la peau. Maintenue parfaitement hydrat\u00e9e 24\u202fh\/24, la peau est d\u00e9salt\u00e9r\u00e9e, repulp\u00e9e et \u00e9clatante de sant\u00e9.<\/p>\n","protected":false},"featured_media":12332,"comment_status":"open","ping_status":"closed","template":"","meta":[],"product_brand":[95],"product_cat":[66],"product_tag":[61],"class_list":{"0":"post-11184","1":"product","2":"type-product","3":"status-publish","4":"has-post-thumbnail","6":"product_brand-maria-galland","7":"product_cat-creme","8":"product_tag-visage","10":"first","11":"instock","12":"taxable","13":"shipping-taxable","14":"purchasable","15":"product-type-simple"},"_links":{"self":[{"href":"https:\/\/livbeautespa.com\/boutique\/wp-json\/wp\/v2\/product\/11184","targetHints":{"allow":["GET"]}}],"collection":[{"href":"https:\/\/livbeautespa.com\/boutique\/wp-json\/wp\/v2\/product"}],"about":[{"href":"https:\/\/livbeautespa.com\/boutique\/wp-json\/wp\/v2\/types\/product"}],"replies":[{"embeddable":true,"href":"https:\/\/livbeautespa.com\/boutique\/wp-json\/wp\/v2\/comments?post=11184"}],"wp:featuredmedia":[{"embeddable":true,"href":"https:\/\/livbeautespa.com\/boutique\/wp-json\/wp\/v2\/media\/12332"}],"wp:attachment":[{"href":"https:\/\/livbeautespa.com\/boutique\/wp-json\/wp\/v2\/media?parent=11184"}],"wp:term":[{"taxonomy":"product_brand","embeddable":true,"href":"https:\/\/livbeautespa.com\/boutique\/wp-json\/wp\/v2\/product_brand?post=11184"},{"taxonomy":"product_cat","embeddable":true,"href":"https:\/\/livbeautespa.com\/boutique\/wp-json\/wp\/v2\/product_cat?post=11184"},{"taxonomy":"product_tag","embeddable":true,"href":"https:\/\/livbeautespa.com\/boutique\/wp-json\/wp\/v2\/product_tag?post=11184"}],"curies":[{"name":"wp","href":"https:\/\/api.w.org\/{rel}","templated":true}]}}