{"id":11183,"date":"2025-08-06T11:28:45","date_gmt":"2025-08-06T15:28:45","guid":{"rendered":"http:\/\/demo.woothemes.com\/woocommerce\/?post_type=product&#038;p=76"},"modified":"2026-03-06T09:12:00","modified_gmt":"2026-03-06T14:12:00","slug":"280-hydraglobal-masque-desalterant","status":"publish","type":"product","link":"https:\/\/livbeautespa.com\/boutique\/product\/280-hydraglobal-masque-desalterant\/","title":{"rendered":"280 HYDRA&rsquo;GLOBAL Masque D\u00e9salt\u00e9rant"},"content":{"rendered":"<p class=\"my-0 py-2 [&amp;_strong:has(+br)]:inline-block [&amp;_strong:has(+br)]:pb-2\"><strong>ACTIFS PRINCIPAUX<\/strong><\/p>\n<p class=\"my-0 py-2 [&amp;_strong:has(+br)]:inline-block [&amp;_strong:has(+br)]:pb-2\"><strong>COMPLEXE HYDRA\u00b2<\/strong>\u00a0(Booster d\u2019acide hyaluronique + Acide hyaluronique) : hydrate intens\u00e9ment, raffermit et lisse la peau<\/p>\n<p class=\"my-0 py-2 [&amp;_strong:has(+br)]:inline-block [&amp;_strong:has(+br)]:pb-2\"><strong>COMPLEXE ENERGY BOOSTER<\/strong>\u00a0: stimule l\u2019activit\u00e9 de la peau et r\u00e9duit les signes de fatigue<\/p>\n<p class=\"my-0 py-2 [&amp;_strong:has(+br)]:inline-block [&amp;_strong:has(+br)]:pb-2\"><strong>COMPLEXE HYDRA-PROTECT<\/strong>\u00a0: am\u00e9liore la capacit\u00e9 de r\u00e9tention d\u2019eau de la peau et r\u00e9hydrate progressivement ses diff\u00e9rentes couches<\/p>\n<p class=\"my-0 py-2 [&amp;_strong:has(+br)]:inline-block [&amp;_strong:has(+br)]:pb-2\"><strong>CONSEILS D\u2019UTILISATION<\/strong><br \/>\nAppliquez une couche g\u00e9n\u00e9reuse sur le visage et le cou. Laissez poser 5 \u00e0 15 minutes, puis essuyez sans rincer ou massez pour faire p\u00e9n\u00e9trer les r\u00e9sidus. Utilisez une \u00e0 deux fois par semaine. Convient \u00e0 toutes les peaux d\u00e9shydrat\u00e9es.<\/p>\n","protected":false},"excerpt":{"rendered":"<p class=\"my-0 py-2 [&amp;_strong:has(+br)]:inline-block [&amp;_strong:has(+br)]:pb-2\"><strong>Masque d\u00e9salt\u00e9rant \u00e0 la texture fra\u00eeche et fondante. Hydrate en profondeur, \u00e9nergise, revitalise la peau et r\u00e9duit les signes de fatigue.<\/strong><\/p>\n<p class=\"my-0 py-2 [&amp;_strong:has(+br)]:inline-block [&amp;_strong:has(+br)]:pb-2\">V\u00e9ritable infusion d&rsquo;hydratation dans une texture l\u00e9g\u00e8re et fondante, le Masque D\u00e9salt\u00e9rant HYDRA&rsquo;GLOBAL 280 enveloppe instantan\u00e9ment la peau d&rsquo;une sensation de fra\u00eecheur exceptionnelle. Sa formule riche en actifs hydratants s\u2019int\u00e8gre parfaitement \u00e0 la peau pour retenir et diffuser l\u2019eau en profondeur. L\u2019association de complexes anti-\u00e2ge innovants hydrate intens\u00e9ment, dynamise, revitalise et prot\u00e8ge la peau. Le r\u00e9sultat : une peau plus lisse et un teint frais et \u00e9clatant.<\/p>\n","protected":false},"featured_media":12337,"comment_status":"open","ping_status":"closed","template":"","meta":[],"product_brand":[95],"product_cat":[66,69],"product_tag":[72,61],"class_list":{"0":"post-11183","1":"product","2":"type-product","3":"status-publish","4":"has-post-thumbnail","6":"product_brand-maria-galland","7":"product_cat-creme","8":"product_cat-masque","9":"product_tag-masque","10":"product_tag-visage","12":"first","13":"instock","14":"taxable","15":"shipping-taxable","16":"purchasable","17":"product-type-simple"},"_links":{"self":[{"href":"https:\/\/livbeautespa.com\/boutique\/wp-json\/wp\/v2\/product\/11183","targetHints":{"allow":["GET"]}}],"collection":[{"href":"https:\/\/livbeautespa.com\/boutique\/wp-json\/wp\/v2\/product"}],"about":[{"href":"https:\/\/livbeautespa.com\/boutique\/wp-json\/wp\/v2\/types\/product"}],"replies":[{"embeddable":true,"href":"https:\/\/livbeautespa.com\/boutique\/wp-json\/wp\/v2\/comments?post=11183"}],"wp:featuredmedia":[{"embeddable":true,"href":"https:\/\/livbeautespa.com\/boutique\/wp-json\/wp\/v2\/media\/12337"}],"wp:attachment":[{"href":"https:\/\/livbeautespa.com\/boutique\/wp-json\/wp\/v2\/media?parent=11183"}],"wp:term":[{"taxonomy":"product_brand","embeddable":true,"href":"https:\/\/livbeautespa.com\/boutique\/wp-json\/wp\/v2\/product_brand?post=11183"},{"taxonomy":"product_cat","embeddable":true,"href":"https:\/\/livbeautespa.com\/boutique\/wp-json\/wp\/v2\/product_cat?post=11183"},{"taxonomy":"product_tag","embeddable":true,"href":"https:\/\/livbeautespa.com\/boutique\/wp-json\/wp\/v2\/product_tag?post=11183"}],"curies":[{"name":"wp","href":"https:\/\/api.w.org\/{rel}","templated":true}]}}