{"id":11181,"date":"2025-08-06T11:25:01","date_gmt":"2025-08-06T15:25:01","guid":{"rendered":"http:\/\/demo.woothemes.com\/woocommerce\/?post_type=product&#038;p=70"},"modified":"2026-03-06T09:12:25","modified_gmt":"2026-03-06T14:12:25","slug":"390-uniperfect-fluide-multi-protection-30","status":"publish","type":"product","link":"https:\/\/livbeautespa.com\/boutique\/product\/390-uniperfect-fluide-multi-protection-30\/","title":{"rendered":"390 UNI&rsquo;PERFECT Fluide Multi-Protection 30"},"content":{"rendered":"<p class=\"my-0 py-2 [&amp;_strong:has(+br)]:inline-block [&amp;_strong:has(+br)]:pb-2\"><strong>ACTIFS PRINCIPAUX<\/strong><\/p>\n<p class=\"my-0 py-2 [&amp;_strong:has(+br)]:inline-block [&amp;_strong:has(+br)]:pb-2\">Tanins de tara et extraits de pousses de tournesol : favorisent la r\u00e9paration de la peau apr\u00e8s une exposition \u00e0 la lumi\u00e8re bleue.<\/p>\n<p class=\"my-0 py-2 [&amp;_strong:has(+br)]:inline-block [&amp;_strong:has(+br)]:pb-2\">Extraits de pivoines blanches : gr\u00e2ce \u00e0 leur action antioxydante, prot\u00e8gent la peau des dommages caus\u00e9s par la pollution.<\/p>\n<p class=\"my-0 py-2 [&amp;_strong:has(+br)]:inline-block [&amp;_strong:has(+br)]:pb-2\">Filtres UV : prot\u00e8gent la peau des rayons solaires.<\/p>\n<p class=\"my-0 py-2 [&amp;_strong:has(+br)]:inline-block [&amp;_strong:has(+br)]:pb-2\">Extraits de levure hydrolys\u00e9e : apportent hydratation \u00e0 la peau.<\/p>\n<p class=\"my-0 py-2 [&amp;_strong:has(+br)]:inline-block [&amp;_strong:has(+br)]:pb-2\">Niacinamide (vitamine B3) : uniformise le teint.<\/p>\n<p class=\"my-0 py-2 [&amp;_strong:has(+br)]:inline-block [&amp;_strong:has(+br)]:pb-2\"><strong>CONSEILS D\u2019UTILISATION<\/strong><br \/>\nAppliquez quotidiennement ce fluide sur le visage pour cr\u00e9er un v\u00e9ritable bouclier multi-protection.<\/p>\n<p class=\"my-0 py-2 [&amp;_strong:has(+br)]:inline-block [&amp;_strong:has(+br)]:pb-2\">N\u2019h\u00e9sitez pas si vous souhaitez une version plus concise, plus technique ou plus chaleureuse !<\/p>\n","protected":false},"excerpt":{"rendered":"<p><strong>Un soin protecteur con\u00e7u pour combattre les agressions quotidiennes<\/strong><br \/>\nMaria Galland Paris pr\u00e9sente son nouvel alli\u00e9 pour pr\u00e9server durablement la beaut\u00e9 naturelle de la peau : un fluide sp\u00e9cialement formul\u00e9 pour lutter contre les trois principaux facteurs responsables du vieillissement cutan\u00e9 \u2014 les rayons UV, la pollution et la lumi\u00e8re bleue, auxquels nous sommes de plus en plus expos\u00e9s. Offrant une protection multiple, ce fluide est enrichi d\u2019un complexe exclusif qui aide \u00e0 d\u00e9fendre la peau contre les agressions environnementales ext\u00e9rieures.<\/p>\n","protected":false},"featured_media":12348,"comment_status":"open","ping_status":"closed","template":"","meta":[],"product_brand":[95],"product_cat":[66],"product_tag":[],"class_list":{"0":"post-11181","1":"product","2":"type-product","3":"status-publish","4":"has-post-thumbnail","6":"product_brand-maria-galland","7":"product_cat-creme","9":"first","10":"instock","11":"featured","12":"taxable","13":"shipping-taxable","14":"purchasable","15":"product-type-simple"},"_links":{"self":[{"href":"https:\/\/livbeautespa.com\/boutique\/wp-json\/wp\/v2\/product\/11181","targetHints":{"allow":["GET"]}}],"collection":[{"href":"https:\/\/livbeautespa.com\/boutique\/wp-json\/wp\/v2\/product"}],"about":[{"href":"https:\/\/livbeautespa.com\/boutique\/wp-json\/wp\/v2\/types\/product"}],"replies":[{"embeddable":true,"href":"https:\/\/livbeautespa.com\/boutique\/wp-json\/wp\/v2\/comments?post=11181"}],"wp:featuredmedia":[{"embeddable":true,"href":"https:\/\/livbeautespa.com\/boutique\/wp-json\/wp\/v2\/media\/12348"}],"wp:attachment":[{"href":"https:\/\/livbeautespa.com\/boutique\/wp-json\/wp\/v2\/media?parent=11181"}],"wp:term":[{"taxonomy":"product_brand","embeddable":true,"href":"https:\/\/livbeautespa.com\/boutique\/wp-json\/wp\/v2\/product_brand?post=11181"},{"taxonomy":"product_cat","embeddable":true,"href":"https:\/\/livbeautespa.com\/boutique\/wp-json\/wp\/v2\/product_cat?post=11181"},{"taxonomy":"product_tag","embeddable":true,"href":"https:\/\/livbeautespa.com\/boutique\/wp-json\/wp\/v2\/product_tag?post=11181"}],"curies":[{"name":"wp","href":"https:\/\/api.w.org\/{rel}","templated":true}]}}