{"id":11180,"date":"2025-08-06T11:22:50","date_gmt":"2025-08-06T15:22:50","guid":{"rendered":"http:\/\/demo.woothemes.com\/woocommerce\/?post_type=product&#038;p=67"},"modified":"2026-03-06T09:17:49","modified_gmt":"2026-03-06T14:17:49","slug":"391-uniperfect-spf-50","status":"publish","type":"product","link":"https:\/\/livbeautespa.com\/boutique\/product\/391-uniperfect-spf-50\/","title":{"rendered":"391 Uni&rsquo;Perfect SPF 50"},"content":{"rendered":"<p class=\"my-0 py-2 [&amp;_strong:has(+br)]:inline-block [&amp;_strong:has(+br)]:pb-2\"><strong>ACTIFS CL\u00c9S<\/strong><\/p>\n<p class=\"my-0 py-2 [&amp;_strong:has(+br)]:inline-block [&amp;_strong:has(+br)]:pb-2\">Tanins de tara et extraits de pousses de tournesol : favorisent la r\u00e9paration cutan\u00e9e apr\u00e8s l\u2019exposition \u00e0 la lumi\u00e8re bleue.<\/p>\n<p class=\"my-0 py-2 [&amp;_strong:has(+br)]:inline-block [&amp;_strong:has(+br)]:pb-2\">Extraits de pivoines blanches : gr\u00e2ce \u00e0 leur pouvoir antioxydant, prot\u00e8gent la peau des effets n\u00e9fastes de la pollution.<\/p>\n<p class=\"my-0 py-2 [&amp;_strong:has(+br)]:inline-block [&amp;_strong:has(+br)]:pb-2\">Filtres UV : prot\u00e8gent la peau des rayons solaires.<\/p>\n<p class=\"my-0 py-2 [&amp;_strong:has(+br)]:inline-block [&amp;_strong:has(+br)]:pb-2\">Extraits de levure hydrolys\u00e9e : apportent une hydratation essentielle \u00e0 la peau.<\/p>\n<p class=\"my-0 py-2 [&amp;_strong:has(+br)]:inline-block [&amp;_strong:has(+br)]:pb-2\">Niacinamide (vitamine B3) : uniformise le teint et am\u00e9liore la luminosit\u00e9.<\/p>\n<p class=\"my-0 py-2 [&amp;_strong:has(+br)]:inline-block [&amp;_strong:has(+br)]:pb-2\"><strong>MODE D\u2019EMPLOI<\/strong><br \/>\nAppliquez ce fluide tous les jours sur le visage pour cr\u00e9er un v\u00e9ritable bouclier multi-protection.<\/p>\n","protected":false},"excerpt":{"rendered":"<p><strong>Un soin protecteur pour faire face aux agressions du quotidien<\/strong><br \/>\nMaria Galland Paris d\u00e9voile une nouvelle arme pour pr\u00e9server durablement la beaut\u00e9 authentique de votre peau : un fluide con\u00e7u pour combattre les trois principaux facteurs responsables du vieillissement cutan\u00e9 \u2014 les rayons UV, la pollution, et la lumi\u00e8re bleue, auxquels nous sommes toujours plus expos\u00e9s. Offrant une protection compl\u00e8te, ce fluide est enrichi d\u2019un complexe exclusif qui soutient la peau dans sa d\u00e9fense contre les agressions environnementales.<\/p>\n","protected":false},"featured_media":12350,"comment_status":"open","ping_status":"closed","template":"","meta":[],"product_brand":[95],"product_cat":[66],"product_tag":[74],"class_list":{"0":"post-11180","1":"product","2":"type-product","3":"status-publish","4":"has-post-thumbnail","6":"product_brand-maria-galland","7":"product_cat-creme","8":"product_tag-spf","10":"first","11":"instock","12":"taxable","13":"shipping-taxable","14":"purchasable","15":"product-type-simple"},"_links":{"self":[{"href":"https:\/\/livbeautespa.com\/boutique\/wp-json\/wp\/v2\/product\/11180","targetHints":{"allow":["GET"]}}],"collection":[{"href":"https:\/\/livbeautespa.com\/boutique\/wp-json\/wp\/v2\/product"}],"about":[{"href":"https:\/\/livbeautespa.com\/boutique\/wp-json\/wp\/v2\/types\/product"}],"replies":[{"embeddable":true,"href":"https:\/\/livbeautespa.com\/boutique\/wp-json\/wp\/v2\/comments?post=11180"}],"wp:featuredmedia":[{"embeddable":true,"href":"https:\/\/livbeautespa.com\/boutique\/wp-json\/wp\/v2\/media\/12350"}],"wp:attachment":[{"href":"https:\/\/livbeautespa.com\/boutique\/wp-json\/wp\/v2\/media?parent=11180"}],"wp:term":[{"taxonomy":"product_brand","embeddable":true,"href":"https:\/\/livbeautespa.com\/boutique\/wp-json\/wp\/v2\/product_brand?post=11180"},{"taxonomy":"product_cat","embeddable":true,"href":"https:\/\/livbeautespa.com\/boutique\/wp-json\/wp\/v2\/product_cat?post=11180"},{"taxonomy":"product_tag","embeddable":true,"href":"https:\/\/livbeautespa.com\/boutique\/wp-json\/wp\/v2\/product_tag?post=11180"}],"curies":[{"name":"wp","href":"https:\/\/api.w.org\/{rel}","templated":true}]}}