{"id":11177,"date":"2013-06-07T11:05:37","date_gmt":"2013-06-07T11:05:37","guid":{"rendered":"http:\/\/demo.woothemes.com\/woocommerce\/?post_type=product&#038;p=53"},"modified":"2026-03-06T09:19:03","modified_gmt":"2026-03-06T14:19:03","slug":"661-liftexpert-creme-riche-fermete","status":"publish","type":"product","link":"https:\/\/livbeautespa.com\/boutique\/product\/661-liftexpert-creme-riche-fermete\/","title":{"rendered":"661 LIFT&rsquo;EXPERT Cr\u00e8me Riche Fermet\u00e9"},"content":{"rendered":"<h2 class=\"mb-2 mt-4 text-base font-[500] first:mt-0 dark:font-[475]\"><strong>Un complexe d\u2019actifs puissants<\/strong><\/h2>\n<p class=\"my-2 [&amp;+p]:mt-4 [&amp;_strong:has(+br)]:inline-block [&amp;_strong:has(+br)]:pb-2\"><strong>Extrait de Vin de Glace<\/strong>\u00a0: prot\u00e8ge le collag\u00e8ne du stress oxydatif gr\u00e2ce \u00e0 sa richesse en polyph\u00e9nols.<\/p>\n<p class=\"my-2 [&amp;+p]:mt-4 [&amp;_strong:has(+br)]:inline-block [&amp;_strong:has(+br)]:pb-2\"><strong>Extrait de Chardon-Marie<\/strong>\u00a0(associ\u00e9 \u00e0 la carnosine et au tocoph\u00e9rol) : freine la glycation, processus responsable de la rigidification du collag\u00e8ne.<\/p>\n<p class=\"my-2 [&amp;+p]:mt-4 [&amp;_strong:has(+br)]:inline-block [&amp;_strong:has(+br)]:pb-2\"><strong>Polypeptides<\/strong>\u00a0: stimulent la production de collag\u00e8ne et d\u2019\u00e9lastine pour contrer la baisse naturelle de l\u2019activit\u00e9 cellulaire.<\/p>\n<p class=\"my-2 [&amp;+p]:mt-4 [&amp;_strong:has(+br)]:inline-block [&amp;_strong:has(+br)]:pb-2\"><strong>Beurre de Karit\u00e9 &amp; huiles pr\u00e9cieuses (Jojoba, Amande Douce, Passiflore)<\/strong>\u00a0: renforcent la barri\u00e8re cutan\u00e9e, apportent nutrition et confort durable.<\/p>\n<hr class=\"bg-offsetPlus h-px border-0\" \/>\n<h2 class=\"mb-2 mt-4 text-base font-[500] first:mt-0 dark:font-[475]\"><strong>Conseils d\u2019utilisation<\/strong><\/h2>\n<p class=\"my-2 [&amp;+p]:mt-4 [&amp;_strong:has(+br)]:inline-block [&amp;_strong:has(+br)]:pb-2\">Appliquer chaque soir sur le\u00a0<strong>visage, le cou et le d\u00e9collet\u00e9<\/strong>, apr\u00e8s le\u00a0<em>640 S\u00c9RUM LIFT\u2019EXPERT<\/em>\u00a0et le\u00a0<em>650 LISSEUR RIDES LIFT\u2019EXPERT<\/em>, pour une routine anti-\u00e2ge compl\u00e8te et cibl\u00e9e.<\/p>\n","protected":false},"excerpt":{"rendered":"<p class=\"my-2 [&amp;+p]:mt-4 [&amp;_strong:has(+br)]:inline-block [&amp;_strong:has(+br)]:pb-2\"><strong>La puissance d\u2019un soin raffermissant dans une texture ultra-nourrissante.<\/strong><\/p>\n<p class=\"my-2 [&amp;+p]:mt-4 [&amp;_strong:has(+br)]:inline-block [&amp;_strong:has(+br)]:pb-2\">Cette cr\u00e8me experte agit sur\u00a0<strong>3 facteurs majeurs responsables de la d\u00e9gradation du collag\u00e8ne<\/strong>, pour aider votre peau \u00e0 rester ferme, tonique et \u00e9clatante de jeunesse.<br \/>\nGr\u00e2ce \u00e0 sa formule riche, elle nourrit intens\u00e9ment tout en ciblant rides, perte de fermet\u00e9 et rel\u00e2chement cutan\u00e9.<\/p>\n<p class=\"my-2 [&amp;+p]:mt-4 [&amp;_strong:has(+br)]:inline-block [&amp;_strong:has(+br)]:pb-2\">\u2728\u00a0<strong>R\u00e9sultats visibles<\/strong>\u00a0: la peau gagne en confort, son grain s\u2019affine, les reliefs sont liss\u00e9s, les rides s\u2019att\u00e9nuent et le visage para\u00eet plus jeune, plus ferme et plus souple.<\/p>\n","protected":false},"featured_media":12362,"comment_status":"open","ping_status":"closed","template":"","meta":[],"product_brand":[95],"product_cat":[66],"product_tag":[75],"class_list":{"0":"post-11177","1":"product","2":"type-product","3":"status-publish","4":"has-post-thumbnail","6":"product_brand-maria-galland","7":"product_cat-creme","8":"product_tag-lift","10":"first","11":"instock","12":"taxable","13":"shipping-taxable","14":"purchasable","15":"product-type-simple"},"_links":{"self":[{"href":"https:\/\/livbeautespa.com\/boutique\/wp-json\/wp\/v2\/product\/11177","targetHints":{"allow":["GET"]}}],"collection":[{"href":"https:\/\/livbeautespa.com\/boutique\/wp-json\/wp\/v2\/product"}],"about":[{"href":"https:\/\/livbeautespa.com\/boutique\/wp-json\/wp\/v2\/types\/product"}],"replies":[{"embeddable":true,"href":"https:\/\/livbeautespa.com\/boutique\/wp-json\/wp\/v2\/comments?post=11177"}],"wp:featuredmedia":[{"embeddable":true,"href":"https:\/\/livbeautespa.com\/boutique\/wp-json\/wp\/v2\/media\/12362"}],"wp:attachment":[{"href":"https:\/\/livbeautespa.com\/boutique\/wp-json\/wp\/v2\/media?parent=11177"}],"wp:term":[{"taxonomy":"product_brand","embeddable":true,"href":"https:\/\/livbeautespa.com\/boutique\/wp-json\/wp\/v2\/product_brand?post=11177"},{"taxonomy":"product_cat","embeddable":true,"href":"https:\/\/livbeautespa.com\/boutique\/wp-json\/wp\/v2\/product_cat?post=11177"},{"taxonomy":"product_tag","embeddable":true,"href":"https:\/\/livbeautespa.com\/boutique\/wp-json\/wp\/v2\/product_tag?post=11177"}],"curies":[{"name":"wp","href":"https:\/\/api.w.org\/{rel}","templated":true}]}}