{"id":11175,"date":"2025-08-19T09:00:31","date_gmt":"2025-08-19T13:00:31","guid":{"rendered":"http:\/\/demo.woothemes.com\/woocommerce\/?post_type=product&#038;p=47"},"modified":"2026-04-13T09:45:35","modified_gmt":"2026-04-13T13:45:35","slug":"280-hydraglobal-masque-desalterant-2","status":"publish","type":"product","link":"https:\/\/livbeautespa.com\/boutique\/product\/280-hydraglobal-masque-desalterant-2\/","title":{"rendered":"280 HYDRA&rsquo;GLOBAL Masque D\u00e9salt\u00e9rant"},"content":{"rendered":"<h4>ACTIFS\u00a0PRINCIPAUX<\/h4>\n<p><strong>COMPLEXE HYDRA\u00b2<\/strong>\u00a0(Booster d&rsquo;acide hyaluronique + Acide hyaluronique) : Hydrate intens\u00e9ment, raffermit et lisse la peau<\/p>\n<p><strong>ENERGY BOOSTER COMPLEX<\/strong>\u00a0: Stimule l&rsquo;activit\u00e9 de la peau, et r\u00e9duit les signes de fatigue<\/p>\n<p><strong>COMPLEXE HYDRA-PROTECT<\/strong>\u00a0: Am\u00e9liore la capacit\u00e9 de r\u00e9tention d&rsquo;eau de la peau et r\u00e9hydrate progressivement les diff\u00e9rentes couches de la peau<\/p>\n<h4>CONSEILS D&rsquo;UTILISATION<\/h4>\n<p>Appliquez une couche couvrante sur votre visage et votre cou. Laissez agir pendant 5 \u00e0 15 minutes, puis essuyez sans eau ou massez pour \u00e9liminer les r\u00e9sidus. Utiliser une \u00e0 deux fois par semaine. Pour toutes les peaux d\u00e9shydrat\u00e9es.<\/p>\n","protected":false},"excerpt":{"rendered":"<h4>Masque d\u00e9salt\u00e9rant \u00e0 la texture fra\u00eeche et fondante. Hydrate en profondeur, \u00e9nergise, revitalise la peau et r\u00e9duit les signes de fatigue.<\/h4>\n<p>V\u00e9ritable infusion d&rsquo;hydratation dans une texture l\u00e9g\u00e8re et fondante, le 280 Masque D\u00e9salt\u00e9rant HYDRA&rsquo;GLOBAL enveloppe instantan\u00e9ment la peau d&rsquo;une sensation de fra\u00eecheur exceptionnelle. La formule du masque, riche en actifs hydratants, ne fait qu&rsquo;un avec la peau pour maintenir et diffuser l&rsquo;eau en son c\u0153ur. L&rsquo;association de complexes anti-\u00e2ge innovants hydrate en profondeur, dynamise, revitalise et prot\u00e8ge. Pour une peau plus lisse et un teint frais et \u00e9clatant.<\/p>\n","protected":false},"featured_media":12367,"comment_status":"open","ping_status":"closed","template":"","meta":[],"product_brand":[95],"product_cat":[69],"product_tag":[],"class_list":{"0":"post-11175","1":"product","2":"type-product","3":"status-publish","4":"has-post-thumbnail","6":"product_brand-maria-galland","7":"product_cat-masque","9":"first","10":"instock","11":"taxable","12":"shipping-taxable","13":"purchasable","14":"product-type-simple"},"_links":{"self":[{"href":"https:\/\/livbeautespa.com\/boutique\/wp-json\/wp\/v2\/product\/11175","targetHints":{"allow":["GET"]}}],"collection":[{"href":"https:\/\/livbeautespa.com\/boutique\/wp-json\/wp\/v2\/product"}],"about":[{"href":"https:\/\/livbeautespa.com\/boutique\/wp-json\/wp\/v2\/types\/product"}],"replies":[{"embeddable":true,"href":"https:\/\/livbeautespa.com\/boutique\/wp-json\/wp\/v2\/comments?post=11175"}],"wp:featuredmedia":[{"embeddable":true,"href":"https:\/\/livbeautespa.com\/boutique\/wp-json\/wp\/v2\/media\/12367"}],"wp:attachment":[{"href":"https:\/\/livbeautespa.com\/boutique\/wp-json\/wp\/v2\/media?parent=11175"}],"wp:term":[{"taxonomy":"product_brand","embeddable":true,"href":"https:\/\/livbeautespa.com\/boutique\/wp-json\/wp\/v2\/product_brand?post=11175"},{"taxonomy":"product_cat","embeddable":true,"href":"https:\/\/livbeautespa.com\/boutique\/wp-json\/wp\/v2\/product_cat?post=11175"},{"taxonomy":"product_tag","embeddable":true,"href":"https:\/\/livbeautespa.com\/boutique\/wp-json\/wp\/v2\/product_tag?post=11175"}],"curies":[{"name":"wp","href":"https:\/\/api.w.org\/{rel}","templated":true}]}}