{"id":11174,"date":"2025-08-19T09:00:28","date_gmt":"2025-08-19T13:00:28","guid":{"rendered":"http:\/\/demo.woothemes.com\/woocommerce\/?post_type=product&#038;p=40"},"modified":"2026-03-06T09:04:58","modified_gmt":"2026-03-06T14:04:58","slug":"coffret-sculptant-liftexpert","status":"publish","type":"product","link":"https:\/\/livbeautespa.com\/boutique\/product\/coffret-sculptant-liftexpert\/","title":{"rendered":"Coffret Sculptant LIFT&rsquo;EXPERT"},"content":{"rendered":"<h2 class=\"mb-2 mt-4 text-base font-[500] first:mt-0 dark:font-[475]\"><strong>M\u00e9thode d\u2019application<\/strong><\/h2>\n<p class=\"my-2 [&amp;+p]:mt-4 [&amp;_strong:has(+br)]:inline-block [&amp;_strong:has(+br)]:pb-2\">Apr\u00e8s avoir nettoy\u00e9 et tonifi\u00e9 votre peau :<\/p>\n<ol class=\"marker:text-quiet list-decimal\">\n<li class=\"py-0 my-0 prose-p:pt-0 prose-p:mb-2 prose-p:my-0 [&amp;&gt;p]:pt-0 [&amp;&gt;p]:mb-2 [&amp;&gt;p]:my-0\">\n<p class=\"my-2 [&amp;+p]:mt-4 [&amp;_strong:has(+br)]:inline-block [&amp;_strong:has(+br)]:pb-2\">Appliquez le\u00a0<strong>650 | Lisseur Rides LIFT\u2019EXPERT<\/strong>\u00a0sur les zones concern\u00e9es.<\/p>\n<\/li>\n<li class=\"py-0 my-0 prose-p:pt-0 prose-p:mb-2 prose-p:my-0 [&amp;&gt;p]:pt-0 [&amp;&gt;p]:mb-2 [&amp;&gt;p]:my-0\">\n<p class=\"my-2 [&amp;+p]:mt-4 [&amp;_strong:has(+br)]:inline-block [&amp;_strong:has(+br)]:pb-2\">Poursuivez avec le\u00a0<strong>640 | S\u00e9rum LIFT\u2019EXPERT<\/strong>.<\/p>\n<\/li>\n<li class=\"py-0 my-0 prose-p:pt-0 prose-p:mb-2 prose-p:my-0 [&amp;&gt;p]:pt-0 [&amp;&gt;p]:mb-2 [&amp;&gt;p]:my-0\">\n<p class=\"my-2 [&amp;+p]:mt-4 [&amp;_strong:has(+br)]:inline-block [&amp;_strong:has(+br)]:pb-2\">Terminez par la\u00a0<strong>661 | Cr\u00e8me Riche Fermet\u00e9 LIFT\u2019EXPERT<\/strong>\u00a0pour un confort et une efficacit\u00e9 optimis\u00e9s.<\/p>\n<\/li>\n<\/ol>\n<hr class=\"bg-offsetPlus h-px border-0\" \/>\n<p class=\"my-2 [&amp;+p]:mt-4 [&amp;_strong:has(+br)]:inline-block [&amp;_strong:has(+br)]:pb-2\">\ud83c\udf1f Un rituel complet pour raffermir, lisser et illuminer la peau, accompagn\u00e9 d\u2019un mascara soin pour sublimer vos cils pendant les f\u00eates.<\/p>\n","protected":false},"excerpt":{"rendered":"<p>Offrez \u00e0 votre peau un rituel complet raffermissant et lissant gr\u00e2ce \u00e0 ce coffret exclusif r\u00e9unissant trois soins iconiques de la gamme\u00a0<strong>LIFT\u2019EXPERT<\/strong>, accompagn\u00e9s d\u2019un cadeau beaut\u00e9 pour sublimer votre regard.<\/p>\n<p class=\"my-2 [&amp;+p]:mt-4 [&amp;_strong:has(+br)]:inline-block [&amp;_strong:has(+br)]:pb-2\">\u2728\u00a0<strong>Ce coffret contient :<\/strong><\/p>\n<p class=\"my-2 [&amp;+p]:mt-4 [&amp;_strong:has(+br)]:inline-block [&amp;_strong:has(+br)]:pb-2\"><strong>661 | Cr\u00e8me Riche Fermet\u00e9 LIFT\u2019EXPERT 50 ml (format r\u00e9gulier)<\/strong>\u00a0\u2013 notre soin onctueux et raffermissant embl\u00e9matique, qui nourrit intens\u00e9ment et redonne fermet\u00e9 et tonicit\u00e9.<strong>650 | Lisseur Rides LIFT\u2019EXPERT 15 ml (format r\u00e9gulier)<\/strong>\u00a0\u2013 un soin cibl\u00e9 qui aide \u00e0 estomper rides et ridules tout en revitalisant la peau.<\/p>\n<p class=\"my-2 [&amp;+p]:mt-4 [&amp;_strong:has(+br)]:inline-block [&amp;_strong:has(+br)]:pb-2\"><strong>640 | S\u00e9rum LIFT\u2019EXPERT 15 ml (format voyage \u2013 offert)<\/strong>\u00a0\u2013 un concentr\u00e9 en format g\u00e9n\u00e9reux qui booste l\u2019efficacit\u00e9 des soins et affine les contours du visage.<\/p>\n<p class=\"my-2 [&amp;+p]:mt-4 [&amp;_strong:has(+br)]:inline-block [&amp;_strong:has(+br)]:pb-2\"><strong>862 | Mascara Ultime Extension 8 ml (grand format \u2013 offert)<\/strong>\u00a0\u2013 enrichi en actifs nourrissants, il allonge, renforce et densifie les cils pour un regard intense.<\/p>\n","protected":false},"featured_media":12369,"comment_status":"open","ping_status":"closed","template":"","meta":[],"product_brand":[95],"product_cat":[66,76,69,63],"product_tag":[],"class_list":{"0":"post-11174","1":"product","2":"type-product","3":"status-publish","4":"has-post-thumbnail","6":"product_brand-maria-galland","7":"product_cat-creme","8":"product_cat-mascara","9":"product_cat-masque","10":"product_cat-serum","12":"first","13":"outofstock","14":"featured","15":"taxable","16":"shipping-taxable","17":"purchasable","18":"product-type-variable","19":"has-default-attributes"},"_links":{"self":[{"href":"https:\/\/livbeautespa.com\/boutique\/wp-json\/wp\/v2\/product\/11174","targetHints":{"allow":["GET"]}}],"collection":[{"href":"https:\/\/livbeautespa.com\/boutique\/wp-json\/wp\/v2\/product"}],"about":[{"href":"https:\/\/livbeautespa.com\/boutique\/wp-json\/wp\/v2\/types\/product"}],"replies":[{"embeddable":true,"href":"https:\/\/livbeautespa.com\/boutique\/wp-json\/wp\/v2\/comments?post=11174"}],"wp:featuredmedia":[{"embeddable":true,"href":"https:\/\/livbeautespa.com\/boutique\/wp-json\/wp\/v2\/media\/12369"}],"wp:attachment":[{"href":"https:\/\/livbeautespa.com\/boutique\/wp-json\/wp\/v2\/media?parent=11174"}],"wp:term":[{"taxonomy":"product_brand","embeddable":true,"href":"https:\/\/livbeautespa.com\/boutique\/wp-json\/wp\/v2\/product_brand?post=11174"},{"taxonomy":"product_cat","embeddable":true,"href":"https:\/\/livbeautespa.com\/boutique\/wp-json\/wp\/v2\/product_cat?post=11174"},{"taxonomy":"product_tag","embeddable":true,"href":"https:\/\/livbeautespa.com\/boutique\/wp-json\/wp\/v2\/product_tag?post=11174"}],"curies":[{"name":"wp","href":"https:\/\/api.w.org\/{rel}","templated":true}]}}