{"id":11173,"date":"2013-06-07T10:53:15","date_gmt":"2013-06-07T10:53:15","guid":{"rendered":"http:\/\/demo.woothemes.com\/woocommerce\/?post_type=product&#038;p=37"},"modified":"2026-03-06T09:20:04","modified_gmt":"2026-03-06T14:20:04","slug":"60-gel-demaquillant-fraicheur","status":"publish","type":"product","link":"https:\/\/livbeautespa.com\/boutique\/product\/60-gel-demaquillant-fraicheur\/","title":{"rendered":"60 Gel D\u00e9maquillant Fra\u00eecheur"},"content":{"rendered":"<h3 data-start=\"506\" data-end=\"529\">Actifs principaux<\/h3>\n<p data-start=\"532\" data-end=\"637\"><strong data-start=\"532\" data-end=\"569\">Tensioactif naturel issu du sucre<\/strong> : nettoie en douceur tout en maintenant l\u2019hydratation de la peau.<\/p>\n<p data-start=\"640\" data-end=\"757\"><strong data-start=\"640\" data-end=\"682\">Vitamines A et E (perles de cellulose)<\/strong> : puissants antioxydants \u00e0 effet anti-\u00e2ge, prot\u00e8gent du stress oxydatif.<\/p>\n<p data-start=\"760\" data-end=\"869\"><strong data-start=\"760\" data-end=\"782\">Extrait de tamarin<\/strong> : limite la d\u00e9shydratation trans\u00e9pidermique, hydrate intens\u00e9ment et adoucit la peau.<\/p>\n<h3 data-start=\"871\" data-end=\"899\">Conseils d\u2019utilisation<\/h3>\n<p data-start=\"900\" data-end=\"1299\">Faire mousser une noisette de gel avec un peu d\u2019eau, puis appliquer sur le visage, le cou et le d\u00e9collet\u00e9 afin d\u2019\u00e9liminer maquillage et impuret\u00e9s. Rincer abondamment \u00e0 l\u2019eau, puis s\u00e9cher d\u00e9licatement la peau sans frotter.<br data-start=\"1121\" data-end=\"1124\" \/>Appliquer ensuite la lotion Maria Galland Paris adapt\u00e9e : <strong data-start=\"1182\" data-end=\"1208\">62 Lotion Hydra Matit\u00e9<\/strong> ou <strong data-start=\"1212\" data-end=\"1233\">64 Lotion Soyeuse<\/strong>, pour r\u00e9\u00e9quilibrer le pH naturel de la peau apr\u00e8s le nettoyage.<\/p>\n","protected":false},"excerpt":{"rendered":"<p data-start=\"73\" data-end=\"236\"><strong data-start=\"73\" data-end=\"234\">Au contact de l\u2019eau, ce gel se transforme en une mousse l\u00e9g\u00e8re et rafra\u00eechissante qui \u00e9limine efficacement les impuret\u00e9s. Convient \u00e0 tous les types de peaux.<\/strong><\/p>\n<p data-start=\"238\" data-end=\"504\">Il d\u00e9maquille et nettoie d\u00e9licatement les r\u00e9sidus accumul\u00e9s au cours de la journ\u00e9e (maquillage, pollution, impuret\u00e9s, filtres solaires\u2026) et laisse la peau nette, fra\u00eeche et revitalis\u00e9e. Id\u00e9al pour celles et ceux qui recherchent une texture moussante et vivifiante.<\/p>\n","protected":false},"featured_media":12373,"comment_status":"open","ping_status":"closed","template":"","meta":[],"product_brand":[95],"product_cat":[60],"product_tag":[78,77],"class_list":{"0":"post-11173","1":"product","2":"type-product","3":"status-publish","4":"has-post-thumbnail","6":"product_brand-maria-galland","7":"product_cat-demaquillants","8":"product_tag-demaquillants","9":"product_tag-gel","11":"first","12":"instock","13":"taxable","14":"shipping-taxable","15":"purchasable","16":"product-type-simple"},"_links":{"self":[{"href":"https:\/\/livbeautespa.com\/boutique\/wp-json\/wp\/v2\/product\/11173","targetHints":{"allow":["GET"]}}],"collection":[{"href":"https:\/\/livbeautespa.com\/boutique\/wp-json\/wp\/v2\/product"}],"about":[{"href":"https:\/\/livbeautespa.com\/boutique\/wp-json\/wp\/v2\/types\/product"}],"replies":[{"embeddable":true,"href":"https:\/\/livbeautespa.com\/boutique\/wp-json\/wp\/v2\/comments?post=11173"}],"wp:featuredmedia":[{"embeddable":true,"href":"https:\/\/livbeautespa.com\/boutique\/wp-json\/wp\/v2\/media\/12373"}],"wp:attachment":[{"href":"https:\/\/livbeautespa.com\/boutique\/wp-json\/wp\/v2\/media?parent=11173"}],"wp:term":[{"taxonomy":"product_brand","embeddable":true,"href":"https:\/\/livbeautespa.com\/boutique\/wp-json\/wp\/v2\/product_brand?post=11173"},{"taxonomy":"product_cat","embeddable":true,"href":"https:\/\/livbeautespa.com\/boutique\/wp-json\/wp\/v2\/product_cat?post=11173"},{"taxonomy":"product_tag","embeddable":true,"href":"https:\/\/livbeautespa.com\/boutique\/wp-json\/wp\/v2\/product_tag?post=11173"}],"curies":[{"name":"wp","href":"https:\/\/api.w.org\/{rel}","templated":true}]}}