{"id":11172,"date":"2025-08-20T10:52:06","date_gmt":"2025-08-20T14:52:06","guid":{"rendered":"http:\/\/demo.woothemes.com\/woocommerce\/?post_type=product&#038;p=34"},"modified":"2026-03-06T08:58:50","modified_gmt":"2026-03-06T13:58:50","slug":"61-lait-demaquillant-douceur","status":"publish","type":"product","link":"https:\/\/livbeautespa.com\/boutique\/product\/61-lait-demaquillant-douceur\/","title":{"rendered":"61 Lait D\u00e9maquillant Douceur"},"content":{"rendered":"<h3 data-start=\"492\" data-end=\"515\">Actifs principaux<\/h3>\n<p data-start=\"518\" data-end=\"591\"><strong data-start=\"518\" data-end=\"558\">Extrait d\u2019algue (Laminaria Digitata)<\/strong> : hydrate intens\u00e9ment la peau.<\/p>\n<p data-start=\"594\" data-end=\"671\"><strong data-start=\"594\" data-end=\"618\">Extrait de calendula<\/strong> : apaise et adoucit les peaux s\u00e8ches et sensibles.<\/p>\n<h3 data-start=\"673\" data-end=\"701\">Conseils d\u2019utilisation<\/h3>\n<p data-start=\"702\" data-end=\"1070\">Appliquer sur peau s\u00e8che, puis masser d\u00e9licatement pour dissoudre maquillage et impuret\u00e9s. Rincer soigneusement \u00e0 l\u2019eau ou retirer \u00e0 l\u2019aide d\u2019un mouchoir en papier. S\u00e9cher la peau avec douceur, sans frotter.<br data-start=\"909\" data-end=\"912\" \/>Terminer par la lotion adapt\u00e9e Maria Galland Paris : <strong data-start=\"965\" data-end=\"991\">62 Lotion Hydra Matit\u00e9<\/strong> ou <strong data-start=\"995\" data-end=\"1016\">64 Lotion Soyeuse<\/strong>, afin de r\u00e9tablir l\u2019\u00e9quilibre naturel du pH cutan\u00e9.<\/p>\n","protected":false},"excerpt":{"rendered":"<p><strong data-start=\"66\" data-end=\"162\">Lait d\u00e9maquillant doux, adapt\u00e9 \u00e0 toutes les peaux, id\u00e9al pour les peaux s\u00e8ches et sensibles.<\/strong><br data-start=\"162\" data-end=\"165\" \/>Soin <strong data-start=\"170\" data-end=\"180\">2-en-1<\/strong> visage et yeux, il \u00e9limine le maquillage et nettoie la peau tout en d\u00e9licatesse. Sa texture soyeuse laisse la peau douce, souple et confortable. Gr\u00e2ce \u00e0 sa formule polyvalente, il d\u00e9maquille efficacement m\u00eame le contour des yeux, parfait pour celles et ceux qui recherchent une gestuelle rapide et agr\u00e9able.<\/p>\n","protected":false},"featured_media":12377,"comment_status":"open","ping_status":"closed","template":"","meta":[],"product_brand":[95],"product_cat":[60],"product_tag":[79],"class_list":{"0":"post-11172","1":"product","2":"type-product","3":"status-publish","4":"has-post-thumbnail","6":"product_brand-maria-galland","7":"product_cat-demaquillants","8":"product_tag-lait","10":"first","11":"instock","12":"taxable","13":"shipping-taxable","14":"purchasable","15":"product-type-simple"},"_links":{"self":[{"href":"https:\/\/livbeautespa.com\/boutique\/wp-json\/wp\/v2\/product\/11172","targetHints":{"allow":["GET"]}}],"collection":[{"href":"https:\/\/livbeautespa.com\/boutique\/wp-json\/wp\/v2\/product"}],"about":[{"href":"https:\/\/livbeautespa.com\/boutique\/wp-json\/wp\/v2\/types\/product"}],"replies":[{"embeddable":true,"href":"https:\/\/livbeautespa.com\/boutique\/wp-json\/wp\/v2\/comments?post=11172"}],"wp:featuredmedia":[{"embeddable":true,"href":"https:\/\/livbeautespa.com\/boutique\/wp-json\/wp\/v2\/media\/12377"}],"wp:attachment":[{"href":"https:\/\/livbeautespa.com\/boutique\/wp-json\/wp\/v2\/media?parent=11172"}],"wp:term":[{"taxonomy":"product_brand","embeddable":true,"href":"https:\/\/livbeautespa.com\/boutique\/wp-json\/wp\/v2\/product_brand?post=11172"},{"taxonomy":"product_cat","embeddable":true,"href":"https:\/\/livbeautespa.com\/boutique\/wp-json\/wp\/v2\/product_cat?post=11172"},{"taxonomy":"product_tag","embeddable":true,"href":"https:\/\/livbeautespa.com\/boutique\/wp-json\/wp\/v2\/product_tag?post=11172"}],"curies":[{"name":"wp","href":"https:\/\/api.w.org\/{rel}","templated":true}]}}