{"id":11171,"date":"2025-08-20T10:49:51","date_gmt":"2025-08-20T14:49:51","guid":{"rendered":"http:\/\/demo.woothemes.com\/woocommerce\/?post_type=product&#038;p=31"},"modified":"2026-03-06T08:59:21","modified_gmt":"2026-03-06T13:59:21","slug":"67-huile-en-lait-demaquillante-sublime","status":"publish","type":"product","link":"https:\/\/livbeautespa.com\/boutique\/product\/67-huile-en-lait-demaquillante-sublime\/","title":{"rendered":"67 Huile-en-Lait D\u00e9maquillante Sublime"},"content":{"rendered":"<h3 data-start=\"513\" data-end=\"536\">Actifs principaux<\/h3>\n<p data-start=\"539\" data-end=\"650\"><strong data-start=\"539\" data-end=\"574\">Huile de tournesol &amp; Vitamine E<\/strong> : renforcent la barri\u00e8re hydrolipidique et pr\u00e9viennent la d\u00e9shydratation.<\/p>\n<p data-start=\"653\" data-end=\"786\"><strong data-start=\"653\" data-end=\"676\">Huile de son de riz<\/strong> : riche en acides gras insatur\u00e9s (dont l\u2019acide linol\u00e9ique), aide \u00e0 prot\u00e9ger la peau contre la perte en eau.<\/p>\n<p data-start=\"789\" data-end=\"889\"><strong data-start=\"789\" data-end=\"817\">Extrait de criste-marine<\/strong> : riche en min\u00e9raux et oligo\u00e9l\u00e9ments, dynamise et revitalise la peau.<\/p>\n<p data-start=\"892\" data-end=\"988\"><strong data-start=\"892\" data-end=\"914\">Laminaria digitata<\/strong> : algue marine aux propri\u00e9t\u00e9s remin\u00e9ralisantes et hydratantes intenses.<\/p>\n<h3 data-start=\"990\" data-end=\"1018\">Conseils d\u2019utilisation<\/h3>\n<p data-start=\"1019\" data-end=\"1471\">Chaque soir, appliquer trois pressions d\u2019huile sur le visage et le cou secs. Humidifier l\u00e9g\u00e8rement le bout des doigts, puis \u00e9mulsionner l\u2019huile jusqu\u2019\u00e0 obtenir une texture laiteuse soyeuse. Rincer abondamment \u00e0 l\u2019eau ti\u00e8de. S\u00e9cher d\u00e9licatement la peau (sans frotter).<br data-start=\"1286\" data-end=\"1289\" \/>Finaliser le rituel avec la lotion adapt\u00e9e Maria Galland Paris : <strong data-start=\"1354\" data-end=\"1380\">62 Lotion Hydra Matit\u00e9<\/strong> ou <strong data-start=\"1384\" data-end=\"1405\">64 Lotion Soyeuse<\/strong>, pour r\u00e9\u00e9quilibrer le pH naturel de la peau apr\u00e8s le nettoyage.<\/p>\n","protected":false},"excerpt":{"rendered":"<p><strong data-start=\"75\" data-end=\"222\">Huile d\u00e9maquillante au toucher d\u00e9licat et g\u00e9n\u00e9reux, elle dissout parfaitement le maquillage, m\u00eame le plus r\u00e9sistant, sans laisser de film gras.<\/strong><br data-start=\"222\" data-end=\"225\" \/>Soin <strong data-start=\"230\" data-end=\"240\">2-en-1<\/strong>, d\u00e9maquillant et nettoyant, elle se transforme en une texture laiteuse l\u00e9g\u00e8re au contact de l\u2019eau. Elle \u00e9limine sans effort le maquillage waterproof, ainsi que les impuret\u00e9s accumul\u00e9es (pollution, salet\u00e9s, transpiration\u2026), laissant la peau nette, fra\u00eeche et \u00e9clatante.<\/p>\n","protected":false},"featured_media":12376,"comment_status":"open","ping_status":"closed","template":"","meta":[],"product_brand":[95],"product_cat":[60],"product_tag":[80,79],"class_list":{"0":"post-11171","1":"product","2":"type-product","3":"status-publish","4":"has-post-thumbnail","6":"product_brand-maria-galland","7":"product_cat-demaquillants","8":"product_tag-huile","9":"product_tag-lait","11":"first","12":"instock","13":"taxable","14":"shipping-taxable","15":"purchasable","16":"product-type-simple"},"_links":{"self":[{"href":"https:\/\/livbeautespa.com\/boutique\/wp-json\/wp\/v2\/product\/11171","targetHints":{"allow":["GET"]}}],"collection":[{"href":"https:\/\/livbeautespa.com\/boutique\/wp-json\/wp\/v2\/product"}],"about":[{"href":"https:\/\/livbeautespa.com\/boutique\/wp-json\/wp\/v2\/types\/product"}],"replies":[{"embeddable":true,"href":"https:\/\/livbeautespa.com\/boutique\/wp-json\/wp\/v2\/comments?post=11171"}],"wp:featuredmedia":[{"embeddable":true,"href":"https:\/\/livbeautespa.com\/boutique\/wp-json\/wp\/v2\/media\/12376"}],"wp:attachment":[{"href":"https:\/\/livbeautespa.com\/boutique\/wp-json\/wp\/v2\/media?parent=11171"}],"wp:term":[{"taxonomy":"product_brand","embeddable":true,"href":"https:\/\/livbeautespa.com\/boutique\/wp-json\/wp\/v2\/product_brand?post=11171"},{"taxonomy":"product_cat","embeddable":true,"href":"https:\/\/livbeautespa.com\/boutique\/wp-json\/wp\/v2\/product_cat?post=11171"},{"taxonomy":"product_tag","embeddable":true,"href":"https:\/\/livbeautespa.com\/boutique\/wp-json\/wp\/v2\/product_tag?post=11171"}],"curies":[{"name":"wp","href":"https:\/\/api.w.org\/{rel}","templated":true}]}}