{"id":11170,"date":"2025-08-20T10:46:01","date_gmt":"2025-08-20T14:46:01","guid":{"rendered":"http:\/\/demo.woothemes.com\/woocommerce\/?post_type=product&#038;p=22"},"modified":"2026-03-06T08:26:29","modified_gmt":"2026-03-06T13:26:29","slug":"64-lotion-soyeuse","status":"publish","type":"product","link":"https:\/\/livbeautespa.com\/boutique\/product\/64-lotion-soyeuse\/","title":{"rendered":"64 Lotion Soyeuse"},"content":{"rendered":"<h3 data-start=\"345\" data-end=\"368\">Actifs principaux<\/h3>\n<p data-start=\"371\" data-end=\"471\"><strong data-start=\"371\" data-end=\"431\">Extraits d\u2019algues (Laminaria Digitata, Chondrus Crispus)<\/strong> : apportent une hydratation profonde.<\/p>\n<p data-start=\"474\" data-end=\"534\"><strong data-start=\"474\" data-end=\"491\">Laitue de mer<\/strong> : renforce l\u2019hydratation et la vitalit\u00e9.<\/p>\n<p data-start=\"537\" data-end=\"619\"><strong data-start=\"537\" data-end=\"562\">Scutellaire du Ba\u00efkal<\/strong> : apaise et r\u00e9\u00e9quilibre les peaux s\u00e8ches et sensibles.<\/p>\n<p data-start=\"622\" data-end=\"695\"><strong data-start=\"622\" data-end=\"636\">pH 5.0\u20135.5<\/strong> : restaure le pH naturel et prot\u00e8ge l\u2019\u00e9cosyst\u00e8me cutan\u00e9.<\/p>\n<h3 data-start=\"697\" data-end=\"725\">Conseils d\u2019utilisation<\/h3>\n<p data-start=\"726\" data-end=\"1081\">D\u00e9poser une petite quantit\u00e9 dans la paume des mains, puis appliquer matin et soir sur le visage, le cou et le d\u00e9collet\u00e9 apr\u00e8s le nettoyage. Masser d\u00e9licatement pour favoriser la p\u00e9n\u00e9tration, puis poursuivre avec les soins Maria Galland Paris adapt\u00e9s.<br data-start=\"976\" data-end=\"979\" \/>Pour la <strong data-start=\"987\" data-end=\"1008\">64 Lotion Soyeuse<\/strong>, l\u2019application peut \u00e9galement se faire \u00e0 l\u2019aide de cotons si pr\u00e9f\u00e9r\u00e9e.<\/p>\n","protected":false},"excerpt":{"rendered":"<p><strong data-start=\"65\" data-end=\"125\">Lotion hydratante et adoucissante pour toutes les peaux.<\/strong><br data-start=\"125\" data-end=\"128\" \/>Elle pr\u00e9serve l\u2019\u00e9cosyst\u00e8me cutan\u00e9, hydrate intens\u00e9ment et apaise la peau. Une \u00e9tape cl\u00e9 de la routine matin et soir, essentielle pour maintenir l\u2019\u00e9quilibre de la peau et lui offrir confort et douceur au quotidien.<\/p>\n","protected":false},"featured_media":12382,"comment_status":"open","ping_status":"closed","template":"","meta":[],"product_brand":[95],"product_cat":[60],"product_tag":[81],"class_list":{"0":"post-11170","1":"product","2":"type-product","3":"status-publish","4":"has-post-thumbnail","6":"product_brand-maria-galland","7":"product_cat-demaquillants","8":"product_tag-lotion","10":"first","11":"instock","12":"taxable","13":"shipping-taxable","14":"purchasable","15":"product-type-simple"},"_links":{"self":[{"href":"https:\/\/livbeautespa.com\/boutique\/wp-json\/wp\/v2\/product\/11170","targetHints":{"allow":["GET"]}}],"collection":[{"href":"https:\/\/livbeautespa.com\/boutique\/wp-json\/wp\/v2\/product"}],"about":[{"href":"https:\/\/livbeautespa.com\/boutique\/wp-json\/wp\/v2\/types\/product"}],"replies":[{"embeddable":true,"href":"https:\/\/livbeautespa.com\/boutique\/wp-json\/wp\/v2\/comments?post=11170"}],"wp:featuredmedia":[{"embeddable":true,"href":"https:\/\/livbeautespa.com\/boutique\/wp-json\/wp\/v2\/media\/12382"}],"wp:attachment":[{"href":"https:\/\/livbeautespa.com\/boutique\/wp-json\/wp\/v2\/media?parent=11170"}],"wp:term":[{"taxonomy":"product_brand","embeddable":true,"href":"https:\/\/livbeautespa.com\/boutique\/wp-json\/wp\/v2\/product_brand?post=11170"},{"taxonomy":"product_cat","embeddable":true,"href":"https:\/\/livbeautespa.com\/boutique\/wp-json\/wp\/v2\/product_cat?post=11170"},{"taxonomy":"product_tag","embeddable":true,"href":"https:\/\/livbeautespa.com\/boutique\/wp-json\/wp\/v2\/product_tag?post=11170"}],"curies":[{"name":"wp","href":"https:\/\/api.w.org\/{rel}","templated":true}]}}