{"id":11168,"date":"2025-08-22T07:35:51","date_gmt":"2025-08-22T11:35:51","guid":{"rendered":"http:\/\/demo.woothemes.com\/woocommerce\/?post_type=product&#038;p=15"},"modified":"2026-03-06T08:57:07","modified_gmt":"2026-03-06T13:57:07","slug":"5a-nutrivital-creme-legere","status":"publish","type":"product","link":"https:\/\/livbeautespa.com\/boutique\/product\/5a-nutrivital-creme-legere\/","title":{"rendered":"5A NUTRI&rsquo;VITAL Cr\u00e8me l\u00e9g\u00e8re"},"content":{"rendered":"<p data-start=\"655\" data-end=\"678\"><strong data-start=\"655\" data-end=\"676\">Actifs principaux<\/strong><\/p>\n<p data-start=\"681\" data-end=\"786\">Complexe d\u2019huiles de graines de limnanthe, macadamia, babassu et son de riz : apport nutritif essentiel<\/p>\n<p data-start=\"789\" data-end=\"886\"><strong data-start=\"789\" data-end=\"816\">Squalane et macadamiate<\/strong> : lipides biomim\u00e9tiques qui imitent les lipides naturels de la peau<\/p>\n<p data-start=\"889\" data-end=\"1041\"><strong data-start=\"889\" data-end=\"946\">Cellules souches de pomme suisse et de rose des Alpes<\/strong> : stimulent le renouvellement cellulaire et revitalisent les fonctions naturelles de la peau<\/p>\n<p data-start=\"1044\" data-end=\"1135\"><strong data-start=\"1044\" data-end=\"1074\">Cellules souches de raisin<\/strong> : aident \u00e0 prot\u00e9ger contre les facteurs de stress externes<\/p>\n<p data-start=\"1137\" data-end=\"1265\"><strong data-start=\"1137\" data-end=\"1163\">Conseils d\u2019utilisation<\/strong><br data-start=\"1163\" data-end=\"1166\" \/>Appliquer matin et\/ou soir sur le visage, le cou et le d\u00e9collet\u00e9, apr\u00e8s un s\u00e9rum <strong data-start=\"1247\" data-end=\"1262\">NUTRI\u2019VITAL<\/strong>.<\/p>\n","protected":false},"excerpt":{"rendered":"<p><strong data-start=\"73\" data-end=\"132\">Cr\u00e8me l\u00e9g\u00e8re alternative \u00e0 la N\u00b0460 \u2013 pour peaux s\u00e8ches<\/strong><br data-start=\"132\" data-end=\"135\" \/>La <strong data-start=\"138\" data-end=\"169\">5A Cr\u00e8me L\u00e9g\u00e8re NUTRI\u2019VITAL<\/strong> a \u00e9t\u00e9 sp\u00e9cialement d\u00e9velopp\u00e9e pour r\u00e9pondre aux besoins des peaux s\u00e8ches. Sa texture d\u00e9licate associe des nutriments essentiels \u00e0 des actifs revitalisants et protecteurs, infus\u00e9s au c\u0153ur de la formule. Ensemble, ils restaurent le confort cutan\u00e9, r\u00e9tablissent les niveaux de lipides et renforcent la fonction barri\u00e8re de la peau. Ils contribuent \u00e9galement \u00e0 une meilleure protection face aux agressions ext\u00e9rieures, limitant ainsi tout nouvel affaiblissement de la barri\u00e8re cutan\u00e9e.<\/p>\n","protected":false},"featured_media":12402,"comment_status":"open","ping_status":"closed","template":"","meta":[],"product_brand":[95],"product_cat":[66],"product_tag":[83],"class_list":{"0":"post-11168","1":"product","2":"type-product","3":"status-publish","4":"has-post-thumbnail","6":"product_brand-maria-galland","7":"product_cat-creme","8":"product_tag-legere","10":"first","11":"onbackorder","12":"taxable","13":"shipping-taxable","14":"purchasable","15":"product-type-simple"},"_links":{"self":[{"href":"https:\/\/livbeautespa.com\/boutique\/wp-json\/wp\/v2\/product\/11168","targetHints":{"allow":["GET"]}}],"collection":[{"href":"https:\/\/livbeautespa.com\/boutique\/wp-json\/wp\/v2\/product"}],"about":[{"href":"https:\/\/livbeautespa.com\/boutique\/wp-json\/wp\/v2\/types\/product"}],"replies":[{"embeddable":true,"href":"https:\/\/livbeautespa.com\/boutique\/wp-json\/wp\/v2\/comments?post=11168"}],"wp:featuredmedia":[{"embeddable":true,"href":"https:\/\/livbeautespa.com\/boutique\/wp-json\/wp\/v2\/media\/12402"}],"wp:attachment":[{"href":"https:\/\/livbeautespa.com\/boutique\/wp-json\/wp\/v2\/media?parent=11168"}],"wp:term":[{"taxonomy":"product_brand","embeddable":true,"href":"https:\/\/livbeautespa.com\/boutique\/wp-json\/wp\/v2\/product_brand?post=11168"},{"taxonomy":"product_cat","embeddable":true,"href":"https:\/\/livbeautespa.com\/boutique\/wp-json\/wp\/v2\/product_cat?post=11168"},{"taxonomy":"product_tag","embeddable":true,"href":"https:\/\/livbeautespa.com\/boutique\/wp-json\/wp\/v2\/product_tag?post=11168"}],"curies":[{"name":"wp","href":"https:\/\/api.w.org\/{rel}","templated":true}]}}